{"id":1591,"date":"2021-01-23T21:18:11","date_gmt":"2021-01-23T21:18:11","guid":{"rendered":"http:\/\/http:\/\/norbo.com.tr?page_id=1591"},"modified":"2021-10-18T11:17:23","modified_gmt":"2021-10-18T11:17:23","slug":"faaliyet_alan","status":"publish","type":"page","link":"https:\/\/norbo.com.tr\/en\/fields_of_activity\/","title":{"rendered":"Fields of activity"},"content":{"rendered":"<div data-elementor-type=\"wp-page\" data-elementor-id=\"1591\" class=\"elementor elementor-1591\">\n\t\t\t\t\t\t<section class=\"elementor-section elementor-top-section elementor-element elementor-element-9dfa690 elementor-section-height-min-height elementor-section-boxed elementor-section-height-default elementor-section-items-middle\" data-id=\"9dfa690\" data-element_type=\"section\" data-e-type=\"section\" data-settings=\"{&quot;background_background&quot;:&quot;classic&quot;}\">\r\n\t\t\t\t\t\t<div class=\"elementor-container elementor-column-gap-thegem\"><div class=\"elementor-row\">\r\n\t\t\t\t\t<div class=\"elementor-column elementor-col-100 elementor-top-column elementor-element elementor-element-4b2cfa3\" data-id=\"4b2cfa3\" data-element_type=\"column\" data-e-type=\"column\">\n\t\t\t<div class=\"elementor-widget-wrap elementor-element-populated\">\n\t\t\t\t\t\t<section class=\"elementor-section elementor-inner-section elementor-element elementor-element-334f5d8 elementor-section-boxed elementor-section-height-default elementor-section-height-default\" data-id=\"334f5d8\" data-element_type=\"section\" data-e-type=\"section\">\r\n\t\t\t\t\t\t<div class=\"elementor-container elementor-column-gap-thegem\"><div class=\"elementor-row\">\r\n\t\t\t\t\t<div class=\"elementor-column elementor-col-50 elementor-inner-column elementor-element elementor-element-bb91c10\" data-id=\"bb91c10\" data-element_type=\"column\" data-e-type=\"column\" data-settings=\"{&quot;background_background&quot;:&quot;classic&quot;}\">\n\t\t\t<div class=\"elementor-widget-wrap elementor-element-populated\">\n\t\t\t\t\t\t<div class=\"elementor-element elementor-element-0328033 flex-horizontal-align-default flex-horizontal-align-tablet-default flex-horizontal-align-mobile-default flex-vertical-align-default flex-vertical-align-tablet-default flex-vertical-align-mobile-default elementor-widget elementor-widget-heading\" data-id=\"0328033\" data-element_type=\"widget\" data-e-type=\"widget\" data-widget_type=\"heading.default\">\n\t\t\t\t<div class=\"elementor-widget-container\">\n\t\t\t\t\t<div class=\"title-h4 elementor-heading-title elementor-size-default translation-block\">Product and Service Procurement<\/div>\t\t\t\t<\/div>\n\t\t\t\t<\/div>\n\t\t\t\t<div class=\"elementor-element elementor-element-f2d714d elementor-widget-divider--view-line flex-horizontal-align-default flex-horizontal-align-tablet-default flex-horizontal-align-mobile-default flex-vertical-align-default flex-vertical-align-tablet-default flex-vertical-align-mobile-default elementor-widget elementor-widget-divider\" data-id=\"f2d714d\" data-element_type=\"widget\" data-e-type=\"widget\" data-widget_type=\"divider.default\">\n\t\t\t\t<div class=\"elementor-widget-container\">\n\t\t\t\t\t\t\t<div class=\"elementor-divider\">\n\t\t\t<span class=\"elementor-divider-separator\">\n\t\t\t\t\t\t<\/span>\n\t\t<\/div>\n\t\t\t\t\t\t<\/div>\n\t\t\t\t<\/div>\n\t\t\t\t<div class=\"elementor-element elementor-element-d4c03de flex-horizontal-align-default flex-horizontal-align-tablet-default flex-horizontal-align-mobile-default flex-vertical-align-default flex-vertical-align-tablet-default flex-vertical-align-mobile-default elementor-widget elementor-widget-text-editor\" data-id=\"d4c03de\" data-element_type=\"widget\" data-e-type=\"widget\" data-widget_type=\"text-editor.default\">\n\t\t\t\t<div class=\"elementor-widget-container\">\n\t\t\t\t\t\t\t\t\t\t\t\t<div class=\"elementor-text-editor elementor-clearfix\">\r\n\t\t\t\t\t\t<p class=\"MsoNormal\">Norbo provides the special products and services needed by end users in the field, the main contractors and subcontractors in the supply chain with the understanding of being \u201csolution partner\u201d.<\/p>\t\t\t\t\t\t\t<\/div>\r\n\t\t\t\t\t\t\t\t\t\t<\/div>\n\t\t\t\t<\/div>\n\t\t\t\t<div class=\"elementor-element elementor-element-1b0daf7 flex-horizontal-align-default flex-horizontal-align-tablet-default flex-horizontal-align-mobile-default flex-vertical-align-default flex-vertical-align-tablet-default flex-vertical-align-mobile-default elementor-invisible elementor-widget elementor-widget-image\" data-id=\"1b0daf7\" data-element_type=\"widget\" data-e-type=\"widget\" data-settings=\"{&quot;_animation&quot;:&quot;fadeInDown&quot;,&quot;_animation_delay&quot;:500}\" data-widget_type=\"image.default\">\n\t\t\t\t<div class=\"elementor-widget-container\">\n\t\t\t\t\t\t\t\t\t\t\t\t\t\t\t<img width=\"766\" height=\"731\" src=\"https:\/\/norbo.com.tr\/wp-content\/uploads\/2021\/10\/URUN_VE_HIZMET_TEDARIKI-2_v2-766x731.jpg\" class=\"attachment-thegem-custom-product-categories size-thegem-custom-product-categories wp-image-4282\" alt=\"\" srcset=\"https:\/\/norbo.com.tr\/wp-content\/uploads\/2021\/10\/URUN_VE_HIZMET_TEDARIKI-2_v2-766x731.jpg 766w, https:\/\/norbo.com.tr\/wp-content\/uploads\/2021\/10\/URUN_VE_HIZMET_TEDARIKI-2_v2-13x12.jpg 13w\" sizes=\"(max-width: 766px) 100vw, 766px\" \/>\t\t\t\t\t\t\t\t\t\t\t\t\t\t\t<\/div>\n\t\t\t\t<\/div>\n\t\t\t\t\t<\/div>\n\t\t<\/div>\n\t\t\t\t<div class=\"elementor-column elementor-col-50 elementor-inner-column elementor-element elementor-element-5e0b83c\" data-id=\"5e0b83c\" data-element_type=\"column\" data-e-type=\"column\" data-settings=\"{&quot;background_background&quot;:&quot;classic&quot;}\">\n\t\t\t<div class=\"elementor-widget-wrap elementor-element-populated\">\n\t\t\t\t\t\t<div class=\"elementor-element elementor-element-a4898f7 flex-horizontal-align-default flex-horizontal-align-tablet-default flex-horizontal-align-mobile-default flex-vertical-align-default flex-vertical-align-tablet-default flex-vertical-align-mobile-default elementor-widget elementor-widget-heading\" data-id=\"a4898f7\" data-element_type=\"widget\" data-e-type=\"widget\" data-widget_type=\"heading.default\">\n\t\t\t\t<div class=\"elementor-widget-container\">\n\t\t\t\t\t<div class=\"title-h4 elementor-heading-title elementor-size-default\">Mechanical System Production for Land Platforms<\/div>\t\t\t\t<\/div>\n\t\t\t\t<\/div>\n\t\t\t\t<div class=\"elementor-element elementor-element-fa13efe elementor-widget-divider--view-line flex-horizontal-align-default flex-horizontal-align-tablet-default flex-horizontal-align-mobile-default flex-vertical-align-default flex-vertical-align-tablet-default flex-vertical-align-mobile-default elementor-widget elementor-widget-divider\" data-id=\"fa13efe\" data-element_type=\"widget\" data-e-type=\"widget\" data-widget_type=\"divider.default\">\n\t\t\t\t<div class=\"elementor-widget-container\">\n\t\t\t\t\t\t\t<div class=\"elementor-divider\">\n\t\t\t<span class=\"elementor-divider-separator\">\n\t\t\t\t\t\t<\/span>\n\t\t<\/div>\n\t\t\t\t\t\t<\/div>\n\t\t\t\t<\/div>\n\t\t\t\t<div class=\"elementor-element elementor-element-6b5f8f1 flex-horizontal-align-default flex-horizontal-align-tablet-default flex-horizontal-align-mobile-default flex-vertical-align-default flex-vertical-align-tablet-default flex-vertical-align-mobile-default elementor-widget elementor-widget-text-editor\" data-id=\"6b5f8f1\" data-element_type=\"widget\" data-e-type=\"widget\" data-widget_type=\"text-editor.default\">\n\t\t\t\t<div class=\"elementor-widget-container\">\n\t\t\t\t\t\t\t\t\t\t\t\t<div class=\"elementor-text-editor elementor-clearfix\">\r\n\t\t\t\t\t\t<p class=\"MsoNormal\">Norbo is preparing to launch a range of solutions to meet the critical needs of end users in the field soon, while continuing to develop its engineering and technical infrastructure to meet the needs of the future.<\/p>\t\t\t\t\t\t\t<\/div>\r\n\t\t\t\t\t\t\t\t\t\t<\/div>\n\t\t\t\t<\/div>\n\t\t\t\t<div class=\"elementor-element elementor-element-44a47a8 flex-horizontal-align-default flex-horizontal-align-tablet-default flex-horizontal-align-mobile-default flex-vertical-align-default flex-vertical-align-tablet-default flex-vertical-align-mobile-default elementor-invisible elementor-widget elementor-widget-image\" data-id=\"44a47a8\" data-element_type=\"widget\" data-e-type=\"widget\" data-settings=\"{&quot;_animation&quot;:&quot;fadeInDown&quot;,&quot;_animation_delay&quot;:800}\" data-widget_type=\"image.default\">\n\t\t\t\t<div class=\"elementor-widget-container\">\n\t\t\t\t\t\t\t\t\t\t\t\t\t\t\t<img width=\"766\" height=\"731\" src=\"https:\/\/norbo.com.tr\/wp-content\/uploads\/2021\/10\/KARA_PLATFORMLARINA_YONELIK_MEKANIK_SISTEM_URETIMI_2_v2-766x731.jpg\" class=\"attachment-thegem-custom-product-categories size-thegem-custom-product-categories wp-image-4281\" alt=\"\" srcset=\"https:\/\/norbo.com.tr\/wp-content\/uploads\/2021\/10\/KARA_PLATFORMLARINA_YONELIK_MEKANIK_SISTEM_URETIMI_2_v2-766x731.jpg 766w, https:\/\/norbo.com.tr\/wp-content\/uploads\/2021\/10\/KARA_PLATFORMLARINA_YONELIK_MEKANIK_SISTEM_URETIMI_2_v2-14x12.jpg 14w\" sizes=\"(max-width: 766px) 100vw, 766px\" \/>\t\t\t\t\t\t\t\t\t\t\t\t\t\t\t<\/div>\n\t\t\t\t<\/div>\n\t\t\t\t\t<\/div>\n\t\t<\/div>\n\t\t\t\t\t<\/div><\/div>\r\n\t\t<\/section>\r\n\t\t\t\t<section class=\"elementor-section elementor-inner-section elementor-element elementor-element-762f4ea elementor-section-boxed elementor-section-height-default elementor-section-height-default\" data-id=\"762f4ea\" data-element_type=\"section\" data-e-type=\"section\">\r\n\t\t\t\t\t\t<div class=\"elementor-container elementor-column-gap-thegem\"><div class=\"elementor-row\">\r\n\t\t\t\t\t<div class=\"elementor-column elementor-col-50 elementor-inner-column elementor-element elementor-element-4685e8a\" data-id=\"4685e8a\" data-element_type=\"column\" data-e-type=\"column\" data-settings=\"{&quot;background_background&quot;:&quot;classic&quot;}\">\n\t\t\t<div class=\"elementor-widget-wrap elementor-element-populated\">\n\t\t\t\t\t\t<div class=\"elementor-element elementor-element-6ad02d0 flex-horizontal-align-default flex-horizontal-align-tablet-default flex-horizontal-align-mobile-default flex-vertical-align-default flex-vertical-align-tablet-default flex-vertical-align-mobile-default elementor-widget elementor-widget-heading\" data-id=\"6ad02d0\" data-element_type=\"widget\" data-e-type=\"widget\" data-widget_type=\"heading.default\">\n\t\t\t\t<div class=\"elementor-widget-container\">\n\t\t\t\t\t<div class=\"title-h4 elementor-heading-title elementor-size-default\">System Integration for Land Platforms<\/div>\t\t\t\t<\/div>\n\t\t\t\t<\/div>\n\t\t\t\t<div class=\"elementor-element elementor-element-2318a8f elementor-widget-divider--view-line flex-horizontal-align-default flex-horizontal-align-tablet-default flex-horizontal-align-mobile-default flex-vertical-align-default flex-vertical-align-tablet-default flex-vertical-align-mobile-default elementor-widget elementor-widget-divider\" data-id=\"2318a8f\" data-element_type=\"widget\" data-e-type=\"widget\" data-widget_type=\"divider.default\">\n\t\t\t\t<div class=\"elementor-widget-container\">\n\t\t\t\t\t\t\t<div class=\"elementor-divider\">\n\t\t\t<span class=\"elementor-divider-separator\">\n\t\t\t\t\t\t<\/span>\n\t\t<\/div>\n\t\t\t\t\t\t<\/div>\n\t\t\t\t<\/div>\n\t\t\t\t<div class=\"elementor-element elementor-element-e701d24 flex-horizontal-align-default flex-horizontal-align-tablet-default flex-horizontal-align-mobile-default flex-vertical-align-default flex-vertical-align-tablet-default flex-vertical-align-mobile-default elementor-widget elementor-widget-text-editor\" data-id=\"e701d24\" data-element_type=\"widget\" data-e-type=\"widget\" data-widget_type=\"text-editor.default\">\n\t\t\t\t<div class=\"elementor-widget-container\">\n\t\t\t\t\t\t\t\t\t\t\t\t<div class=\"elementor-text-editor elementor-clearfix\">\r\n\t\t\t\t\t\t<p class=\"MsoNormal\">Norbo is working on the production of mechanical systems for land platforms, as well as their integration into the platforms. Thus, it offers ready-to-use solutions to the end-user.<\/p>\t\t\t\t\t\t\t<\/div>\r\n\t\t\t\t\t\t\t\t\t\t<\/div>\n\t\t\t\t<\/div>\n\t\t\t\t<div class=\"elementor-element elementor-element-abdaedb flex-horizontal-align-default flex-horizontal-align-tablet-default flex-horizontal-align-mobile-default flex-vertical-align-default flex-vertical-align-tablet-default flex-vertical-align-mobile-default elementor-invisible elementor-widget elementor-widget-image\" data-id=\"abdaedb\" data-element_type=\"widget\" data-e-type=\"widget\" data-settings=\"{&quot;_animation&quot;:&quot;fadeInDown&quot;,&quot;_animation_delay&quot;:500}\" data-widget_type=\"image.default\">\n\t\t\t\t<div class=\"elementor-widget-container\">\n\t\t\t\t\t\t\t\t\t\t\t\t\t\t\t<img width=\"766\" height=\"731\" src=\"https:\/\/norbo.com.tr\/wp-content\/uploads\/2021\/10\/KARA_PLATFORMLARINA_YONELIK_SISTEM_ENTEGRASYONU_2_v2-766x731.jpg\" class=\"attachment-thegem-custom-product-categories size-thegem-custom-product-categories wp-image-4280\" alt=\"\" \/>\t\t\t\t\t\t\t\t\t\t\t\t\t\t\t<\/div>\n\t\t\t\t<\/div>\n\t\t\t\t\t<\/div>\n\t\t<\/div>\n\t\t\t\t<div class=\"elementor-column elementor-col-50 elementor-inner-column elementor-element elementor-element-512c075\" data-id=\"512c075\" data-element_type=\"column\" data-e-type=\"column\" data-settings=\"{&quot;background_background&quot;:&quot;classic&quot;}\">\n\t\t\t<div class=\"elementor-widget-wrap elementor-element-populated\">\n\t\t\t\t\t\t<div class=\"elementor-element elementor-element-f409504 flex-horizontal-align-default flex-horizontal-align-tablet-default flex-horizontal-align-mobile-default flex-vertical-align-default flex-vertical-align-tablet-default flex-vertical-align-mobile-default elementor-widget elementor-widget-heading\" data-id=\"f409504\" data-element_type=\"widget\" data-e-type=\"widget\" data-widget_type=\"heading.default\">\n\t\t\t\t<div class=\"elementor-widget-container\">\n\t\t\t\t\t<div class=\"title-h4 elementor-heading-title elementor-size-default translation-block\">After-Sales Support<\/div>\t\t\t\t<\/div>\n\t\t\t\t<\/div>\n\t\t\t\t<div class=\"elementor-element elementor-element-f096b62 elementor-widget-divider--view-line flex-horizontal-align-default flex-horizontal-align-tablet-default flex-horizontal-align-mobile-default flex-vertical-align-default flex-vertical-align-tablet-default flex-vertical-align-mobile-default elementor-widget elementor-widget-divider\" data-id=\"f096b62\" data-element_type=\"widget\" data-e-type=\"widget\" data-widget_type=\"divider.default\">\n\t\t\t\t<div class=\"elementor-widget-container\">\n\t\t\t\t\t\t\t<div class=\"elementor-divider\">\n\t\t\t<span class=\"elementor-divider-separator\">\n\t\t\t\t\t\t<\/span>\n\t\t<\/div>\n\t\t\t\t\t\t<\/div>\n\t\t\t\t<\/div>\n\t\t\t\t<div class=\"elementor-element elementor-element-b17a698 flex-horizontal-align-default flex-horizontal-align-tablet-default flex-horizontal-align-mobile-default flex-vertical-align-default flex-vertical-align-tablet-default flex-vertical-align-mobile-default elementor-widget elementor-widget-text-editor\" data-id=\"b17a698\" data-element_type=\"widget\" data-e-type=\"widget\" data-widget_type=\"text-editor.default\">\n\t\t\t\t<div class=\"elementor-widget-container\">\n\t\t\t\t\t\t\t\t\t\t\t\t<div class=\"elementor-text-editor elementor-clearfix\">\r\n\t\t\t\t\t\t<p class=\"MsoNormal\">Norbo foresees after-sales support needs in advance thanks to its years of experience and makes necessary preparations. Thus, it is always ready to serve when needed.<\/p>\t\t\t\t\t\t\t<\/div>\r\n\t\t\t\t\t\t\t\t\t\t<\/div>\n\t\t\t\t<\/div>\n\t\t\t\t<div class=\"elementor-element elementor-element-394b055 flex-horizontal-align-default flex-horizontal-align-tablet-default flex-horizontal-align-mobile-default flex-vertical-align-default flex-vertical-align-tablet-default flex-vertical-align-mobile-default elementor-invisible elementor-widget elementor-widget-image\" data-id=\"394b055\" data-element_type=\"widget\" data-e-type=\"widget\" data-settings=\"{&quot;_animation&quot;:&quot;fadeInDown&quot;,&quot;_animation_delay&quot;:300}\" data-widget_type=\"image.default\">\n\t\t\t\t<div class=\"elementor-widget-container\">\n\t\t\t\t\t\t\t\t\t\t\t\t\t\t\t<img width=\"766\" height=\"731\" src=\"https:\/\/norbo.com.tr\/wp-content\/uploads\/2021\/10\/satisSonrasiDestek_v2-766x731.jpg\" class=\"attachment-thegem-custom-product-categories size-thegem-custom-product-categories wp-image-4279\" alt=\"\" \/>\t\t\t\t\t\t\t\t\t\t\t\t\t\t\t<\/div>\n\t\t\t\t<\/div>\n\t\t\t\t\t<\/div>\n\t\t<\/div>\n\t\t\t\t\t<\/div><\/div>\r\n\t\t<\/section>\r\n\t\t\t\t\t<\/div>\n\t\t<\/div>\n\t\t\t\t\t<\/div><\/div>\r\n\t\t<\/section>\r\n\t\t\t\t<\/div>","protected":false},"excerpt":{"rendered":"<p>\u00dcr\u00fcn ve H\u0130zmet tedar\u0130k\u0130 Norbo, sahadaki son kullan\u0131c\u0131lar\u0131n ve tedarik zincirindeki ana ve alt y\u00fcklenicilerin ihtiya\u00e7 duydu\u011fu \u00f6zel \u00fcr\u00fcnleri ve&#8230;<\/p>","protected":false},"author":1,"featured_media":0,"parent":0,"menu_order":0,"comment_status":"closed","ping_status":"closed","template":"page-fullwidth.php","meta":{"footnotes":""},"class_list":["post-1591","page","type-page","status-publish"],"yoast_head":"<!-- This site is optimized with the Yoast SEO plugin v25.3.1 - https:\/\/yoast.com\/wordpress\/plugins\/seo\/ -->\n<title>Faaliyet Alanlar\u0131 - NORBO<\/title>\n<meta name=\"robots\" content=\"index, follow, max-snippet:-1, max-image-preview:large, max-video-preview:-1\" \/>\n<link rel=\"canonical\" href=\"https:\/\/norbo.com.tr\/en\/fields_of_activity\/\" \/>\n<meta property=\"og:locale\" content=\"en_US\" \/>\n<meta property=\"og:type\" content=\"article\" \/>\n<meta property=\"og:title\" content=\"Faaliyet Alanlar\u0131 - NORBO\" \/>\n<meta property=\"og:description\" content=\"\u00dcr\u00fcn ve H\u0130zmet tedar\u0130k\u0130 Norbo, sahadaki son kullan\u0131c\u0131lar\u0131n ve tedarik zincirindeki ana ve alt y\u00fcklenicilerin ihtiya\u00e7 duydu\u011fu \u00f6zel \u00fcr\u00fcnleri ve...\" \/>\n<meta property=\"og:url\" content=\"https:\/\/norbo.com.tr\/en\/fields_of_activity\/\" \/>\n<meta property=\"og:site_name\" content=\"NORBO\" \/>\n<meta property=\"article:modified_time\" content=\"2021-10-18T11:17:23+00:00\" \/>\n<meta property=\"og:image\" content=\"https:\/\/norbo.com.tr\/wp-content\/uploads\/2021\/10\/URUN_VE_HIZMET_TEDARIKI-2_v2-766x731.jpg\" \/>\n<meta name=\"twitter:card\" content=\"summary_large_image\" \/>\n<meta name=\"twitter:label1\" content=\"Est. reading time\" \/>\n\t<meta name=\"twitter:data1\" content=\"1 minute\" \/>\n<script type=\"application\/ld+json\" class=\"yoast-schema-graph\">{\"@context\":\"https:\/\/schema.org\",\"@graph\":[{\"@type\":\"WebPage\",\"@id\":\"https:\/\/norbo.com.tr\/faaliyet_alan\/\",\"url\":\"https:\/\/norbo.com.tr\/faaliyet_alan\/\",\"name\":\"Faaliyet Alanlar\u0131 - NORBO\",\"isPartOf\":{\"@id\":\"https:\/\/norbo.com.tr\/#website\"},\"primaryImageOfPage\":{\"@id\":\"https:\/\/norbo.com.tr\/faaliyet_alan\/#primaryimage\"},\"image\":{\"@id\":\"https:\/\/norbo.com.tr\/faaliyet_alan\/#primaryimage\"},\"thumbnailUrl\":\"https:\/\/norbo.com.tr\/wp-content\/uploads\/2021\/10\/URUN_VE_HIZMET_TEDARIKI-2_v2-766x731.jpg\",\"datePublished\":\"2021-01-23T21:18:11+00:00\",\"dateModified\":\"2021-10-18T11:17:23+00:00\",\"breadcrumb\":{\"@id\":\"https:\/\/norbo.com.tr\/faaliyet_alan\/#breadcrumb\"},\"inLanguage\":\"en-US\",\"potentialAction\":[{\"@type\":\"ReadAction\",\"target\":[\"https:\/\/norbo.com.tr\/faaliyet_alan\/\"]}]},{\"@type\":\"ImageObject\",\"inLanguage\":\"en-US\",\"@id\":\"https:\/\/norbo.com.tr\/faaliyet_alan\/#primaryimage\",\"url\":\"https:\/\/norbo.com.tr\/wp-content\/uploads\/2021\/10\/URUN_VE_HIZMET_TEDARIKI-2_v2-766x731.jpg\",\"contentUrl\":\"https:\/\/norbo.com.tr\/wp-content\/uploads\/2021\/10\/URUN_VE_HIZMET_TEDARIKI-2_v2-766x731.jpg\"},{\"@type\":\"BreadcrumbList\",\"@id\":\"https:\/\/norbo.com.tr\/faaliyet_alan\/#breadcrumb\",\"itemListElement\":[{\"@type\":\"ListItem\",\"position\":1,\"name\":\"Anasayfa\",\"item\":\"https:\/\/norbo.com.tr\/\"},{\"@type\":\"ListItem\",\"position\":2,\"name\":\"Faaliyet Alanlar\u0131\"}]},{\"@type\":\"WebSite\",\"@id\":\"https:\/\/norbo.com.tr\/#website\",\"url\":\"https:\/\/norbo.com.tr\/\",\"name\":\"NORBO\",\"description\":\"\",\"potentialAction\":[{\"@type\":\"SearchAction\",\"target\":{\"@type\":\"EntryPoint\",\"urlTemplate\":\"https:\/\/norbo.com.tr\/?s={search_term_string}\"},\"query-input\":{\"@type\":\"PropertyValueSpecification\",\"valueRequired\":true,\"valueName\":\"search_term_string\"}}],\"inLanguage\":\"en-US\"}]}<\/script>\n<!-- \/ Yoast SEO plugin. -->","yoast_head_json":{"title":"Faaliyet Alanlar\u0131 - NORBO","robots":{"index":"index","follow":"follow","max-snippet":"max-snippet:-1","max-image-preview":"max-image-preview:large","max-video-preview":"max-video-preview:-1"},"canonical":"https:\/\/norbo.com.tr\/en\/fields_of_activity\/","og_locale":"en_US","og_type":"article","og_title":"Faaliyet Alanlar\u0131 - NORBO","og_description":"\u00dcr\u00fcn ve H\u0130zmet tedar\u0130k\u0130 Norbo, sahadaki son kullan\u0131c\u0131lar\u0131n ve tedarik zincirindeki ana ve alt y\u00fcklenicilerin ihtiya\u00e7 duydu\u011fu \u00f6zel \u00fcr\u00fcnleri ve...","og_url":"https:\/\/norbo.com.tr\/en\/fields_of_activity\/","og_site_name":"NORBO","article_modified_time":"2021-10-18T11:17:23+00:00","og_image":[{"url":"https:\/\/norbo.com.tr\/wp-content\/uploads\/2021\/10\/URUN_VE_HIZMET_TEDARIKI-2_v2-766x731.jpg","type":"","width":"","height":""}],"twitter_card":"summary_large_image","twitter_misc":{"Est. reading time":"1 minute"},"schema":{"@context":"https:\/\/schema.org","@graph":[{"@type":"WebPage","@id":"https:\/\/norbo.com.tr\/faaliyet_alan\/","url":"https:\/\/norbo.com.tr\/faaliyet_alan\/","name":"Faaliyet Alanlar\u0131 - NORBO","isPartOf":{"@id":"https:\/\/norbo.com.tr\/#website"},"primaryImageOfPage":{"@id":"https:\/\/norbo.com.tr\/faaliyet_alan\/#primaryimage"},"image":{"@id":"https:\/\/norbo.com.tr\/faaliyet_alan\/#primaryimage"},"thumbnailUrl":"https:\/\/norbo.com.tr\/wp-content\/uploads\/2021\/10\/URUN_VE_HIZMET_TEDARIKI-2_v2-766x731.jpg","datePublished":"2021-01-23T21:18:11+00:00","dateModified":"2021-10-18T11:17:23+00:00","breadcrumb":{"@id":"https:\/\/norbo.com.tr\/faaliyet_alan\/#breadcrumb"},"inLanguage":"en-US","potentialAction":[{"@type":"ReadAction","target":["https:\/\/norbo.com.tr\/faaliyet_alan\/"]}]},{"@type":"ImageObject","inLanguage":"en-US","@id":"https:\/\/norbo.com.tr\/faaliyet_alan\/#primaryimage","url":"https:\/\/norbo.com.tr\/wp-content\/uploads\/2021\/10\/URUN_VE_HIZMET_TEDARIKI-2_v2-766x731.jpg","contentUrl":"https:\/\/norbo.com.tr\/wp-content\/uploads\/2021\/10\/URUN_VE_HIZMET_TEDARIKI-2_v2-766x731.jpg"},{"@type":"BreadcrumbList","@id":"https:\/\/norbo.com.tr\/faaliyet_alan\/#breadcrumb","itemListElement":[{"@type":"ListItem","position":1,"name":"Anasayfa","item":"https:\/\/norbo.com.tr\/"},{"@type":"ListItem","position":2,"name":"Faaliyet Alanlar\u0131"}]},{"@type":"WebSite","@id":"https:\/\/norbo.com.tr\/#website","url":"https:\/\/norbo.com.tr\/","name":"NORBO","description":"","potentialAction":[{"@type":"SearchAction","target":{"@type":"EntryPoint","urlTemplate":"https:\/\/norbo.com.tr\/?s={search_term_string}"},"query-input":{"@type":"PropertyValueSpecification","valueRequired":true,"valueName":"search_term_string"}}],"inLanguage":"en-US"}]}},"_links":{"self":[{"href":"https:\/\/norbo.com.tr\/en\/wp-json\/wp\/v2\/pages\/1591","targetHints":{"allow":["GET"]}}],"collection":[{"href":"https:\/\/norbo.com.tr\/en\/wp-json\/wp\/v2\/pages"}],"about":[{"href":"https:\/\/norbo.com.tr\/en\/wp-json\/wp\/v2\/types\/page"}],"author":[{"embeddable":true,"href":"https:\/\/norbo.com.tr\/en\/wp-json\/wp\/v2\/users\/1"}],"replies":[{"embeddable":true,"href":"https:\/\/norbo.com.tr\/en\/wp-json\/wp\/v2\/comments?post=1591"}],"version-history":[{"count":143,"href":"https:\/\/norbo.com.tr\/en\/wp-json\/wp\/v2\/pages\/1591\/revisions"}],"predecessor-version":[{"id":4304,"href":"https:\/\/norbo.com.tr\/en\/wp-json\/wp\/v2\/pages\/1591\/revisions\/4304"}],"wp:attachment":[{"href":"https:\/\/norbo.com.tr\/en\/wp-json\/wp\/v2\/media?parent=1591"}],"curies":[{"name":"wp","href":"https:\/\/api.w.org\/{rel}","templated":true}]}}