{"id":1615,"date":"2021-01-23T21:53:08","date_gmt":"2021-01-23T21:53:08","guid":{"rendered":"http:\/\/http:\/\/norbo.com.tr?page_id=1615"},"modified":"2024-09-16T13:39:57","modified_gmt":"2024-09-16T13:39:57","slug":"insan_kaynaklari","status":"publish","type":"page","link":"https:\/\/norbo.com.tr\/en\/human_resources\/","title":{"rendered":"Human Resources"},"content":{"rendered":"<div data-elementor-type=\"wp-page\" data-elementor-id=\"1615\" class=\"elementor elementor-1615\">\n\t\t\t\t\t\t<section class=\"elementor-section elementor-top-section elementor-element elementor-element-8c6d4e2 elementor-section-height-min-height elementor-section-items-stretch elementor-reverse-mobile elementor-section-boxed elementor-section-height-default\" data-id=\"8c6d4e2\" data-element_type=\"section\" data-e-type=\"section\" data-settings=\"{&quot;background_background&quot;:&quot;classic&quot;}\">\r\n\t\t\t\t\t\t\t<div class=\"elementor-background-overlay\"><\/div>\r\n\t\t\t\t\t\t\t<div class=\"elementor-container elementor-column-gap-thegem\"><div class=\"elementor-row\">\r\n\t\t\t\t\t<div class=\"elementor-column elementor-col-50 elementor-top-column elementor-element elementor-element-ede8f2c\" data-id=\"ede8f2c\" data-element_type=\"column\" data-e-type=\"column\">\n\t\t\t<div class=\"elementor-widget-wrap elementor-element-populated\">\n\t\t\t\t\t\t<div class=\"elementor-element elementor-element-e3a5f34 flex-horizontal-align-default flex-horizontal-align-tablet-default flex-horizontal-align-mobile-default flex-vertical-align-default flex-vertical-align-tablet-default flex-vertical-align-mobile-default elementor-widget elementor-widget-text-editor\" data-id=\"e3a5f34\" data-element_type=\"widget\" data-e-type=\"widget\" data-widget_type=\"text-editor.default\">\n\t\t\t\t<div class=\"elementor-widget-container\">\n\t\t\t\t\t\t\t\t\t\t\t\t<div class=\"elementor-text-editor elementor-clearfix\">\r\n\t\t\t\t\t\t<p>Kurulu\u015funun 20\u2019nci y\u0131l\u0131n\u0131 geride b\u0131rakan Norbo, sistem \u00fcretimi ve entegrasyonu ile geni\u015fleyen faaliyet alanlar\u0131 ve b\u00fcy\u00fcyen kurumsal yap\u0131s\u0131 ile sekt\u00f6r\u00fcnde, 2020\u2019li y\u0131llarda da g\u00f6zde \u015firketlerden biri olmaya devam edecek.&nbsp;<\/p>\n<p class=\" translation-block\">You can email your resume to <a href=\"mailto:ik@norbo.com.tr\" target=\"_self\">ik@norbo.com.tr<\/a> for your job applications.<\/p>\t\t\t\t\t\t\t<\/div>\r\n\t\t\t\t\t\t\t\t\t\t<\/div>\n\t\t\t\t<\/div>\n\t\t\t\t\t<\/div>\n\t\t<\/div>\n\t\t\t\t<div class=\"elementor-column elementor-col-50 elementor-top-column elementor-element elementor-element-696b497 elementor-hidden-phone elementor-hidden-tablet\" data-id=\"696b497\" data-element_type=\"column\" data-e-type=\"column\" data-settings=\"{&quot;background_background&quot;:&quot;classic&quot;}\">\n\t\t\t<div class=\"elementor-widget-wrap\">\n\t\t\t\t\t\t\t<\/div>\n\t\t<\/div>\n\t\t\t\t\t<\/div><\/div>\r\n\t\t<\/section>\r\n\t\t\t\t<\/div>","protected":false},"excerpt":{"rendered":"<p>Kurulu\u015funun 20\u2019nci y\u0131l\u0131n\u0131 geride b\u0131rakan Norbo, sistem \u00fcretimi ve entegrasyonu ile geni\u015fleyen faaliyet alanlar\u0131 ve b\u00fcy\u00fcyen kurumsal yap\u0131s\u0131 ile sekt\u00f6r\u00fcnde,&#8230;<\/p>","protected":false},"author":1,"featured_media":0,"parent":0,"menu_order":0,"comment_status":"closed","ping_status":"closed","template":"page-fullwidth.php","meta":{"footnotes":""},"class_list":["post-1615","page","type-page","status-publish"],"yoast_head":"<!-- This site is optimized with the Yoast SEO plugin v25.3.1 - https:\/\/yoast.com\/wordpress\/plugins\/seo\/ -->\n<title>\u0130nsan Kaynaklar\u0131 - NORBO<\/title>\n<meta name=\"robots\" content=\"index, follow, max-snippet:-1, max-image-preview:large, max-video-preview:-1\" \/>\n<link rel=\"canonical\" href=\"https:\/\/norbo.com.tr\/en\/human_resources\/\" \/>\n<meta property=\"og:locale\" content=\"en_US\" \/>\n<meta property=\"og:type\" content=\"article\" \/>\n<meta property=\"og:title\" content=\"\u0130nsan Kaynaklar\u0131 - NORBO\" \/>\n<meta property=\"og:description\" content=\"Kurulu\u015funun 20\u2019nci y\u0131l\u0131n\u0131 geride b\u0131rakan Norbo, sistem \u00fcretimi ve entegrasyonu ile geni\u015fleyen faaliyet alanlar\u0131 ve b\u00fcy\u00fcyen kurumsal yap\u0131s\u0131 ile sekt\u00f6r\u00fcnde,...\" \/>\n<meta property=\"og:url\" content=\"https:\/\/norbo.com.tr\/en\/human_resources\/\" \/>\n<meta property=\"og:site_name\" content=\"NORBO\" \/>\n<meta property=\"article:modified_time\" content=\"2024-09-16T13:39:57+00:00\" \/>\n<meta name=\"twitter:card\" content=\"summary_large_image\" \/>\n<meta name=\"twitter:label1\" content=\"Est. reading time\" \/>\n\t<meta name=\"twitter:data1\" content=\"1 minute\" \/>\n<script type=\"application\/ld+json\" class=\"yoast-schema-graph\">{\"@context\":\"https:\/\/schema.org\",\"@graph\":[{\"@type\":\"WebPage\",\"@id\":\"https:\/\/norbo.com.tr\/insan_kaynaklari\/\",\"url\":\"https:\/\/norbo.com.tr\/insan_kaynaklari\/\",\"name\":\"\u0130nsan Kaynaklar\u0131 - NORBO\",\"isPartOf\":{\"@id\":\"https:\/\/norbo.com.tr\/#website\"},\"datePublished\":\"2021-01-23T21:53:08+00:00\",\"dateModified\":\"2024-09-16T13:39:57+00:00\",\"breadcrumb\":{\"@id\":\"https:\/\/norbo.com.tr\/insan_kaynaklari\/#breadcrumb\"},\"inLanguage\":\"en-US\",\"potentialAction\":[{\"@type\":\"ReadAction\",\"target\":[\"https:\/\/norbo.com.tr\/insan_kaynaklari\/\"]}]},{\"@type\":\"BreadcrumbList\",\"@id\":\"https:\/\/norbo.com.tr\/insan_kaynaklari\/#breadcrumb\",\"itemListElement\":[{\"@type\":\"ListItem\",\"position\":1,\"name\":\"Anasayfa\",\"item\":\"https:\/\/norbo.com.tr\/\"},{\"@type\":\"ListItem\",\"position\":2,\"name\":\"\u0130nsan Kaynaklar\u0131\"}]},{\"@type\":\"WebSite\",\"@id\":\"https:\/\/norbo.com.tr\/#website\",\"url\":\"https:\/\/norbo.com.tr\/\",\"name\":\"NORBO\",\"description\":\"\",\"potentialAction\":[{\"@type\":\"SearchAction\",\"target\":{\"@type\":\"EntryPoint\",\"urlTemplate\":\"https:\/\/norbo.com.tr\/?s={search_term_string}\"},\"query-input\":{\"@type\":\"PropertyValueSpecification\",\"valueRequired\":true,\"valueName\":\"search_term_string\"}}],\"inLanguage\":\"en-US\"}]}<\/script>\n<!-- \/ Yoast SEO plugin. -->","yoast_head_json":{"title":"\u0130nsan Kaynaklar\u0131 - NORBO","robots":{"index":"index","follow":"follow","max-snippet":"max-snippet:-1","max-image-preview":"max-image-preview:large","max-video-preview":"max-video-preview:-1"},"canonical":"https:\/\/norbo.com.tr\/en\/human_resources\/","og_locale":"en_US","og_type":"article","og_title":"\u0130nsan Kaynaklar\u0131 - NORBO","og_description":"Kurulu\u015funun 20\u2019nci y\u0131l\u0131n\u0131 geride b\u0131rakan Norbo, sistem \u00fcretimi ve entegrasyonu ile geni\u015fleyen faaliyet alanlar\u0131 ve b\u00fcy\u00fcyen kurumsal yap\u0131s\u0131 ile sekt\u00f6r\u00fcnde,...","og_url":"https:\/\/norbo.com.tr\/en\/human_resources\/","og_site_name":"NORBO","article_modified_time":"2024-09-16T13:39:57+00:00","twitter_card":"summary_large_image","twitter_misc":{"Est. reading time":"1 minute"},"schema":{"@context":"https:\/\/schema.org","@graph":[{"@type":"WebPage","@id":"https:\/\/norbo.com.tr\/insan_kaynaklari\/","url":"https:\/\/norbo.com.tr\/insan_kaynaklari\/","name":"\u0130nsan Kaynaklar\u0131 - NORBO","isPartOf":{"@id":"https:\/\/norbo.com.tr\/#website"},"datePublished":"2021-01-23T21:53:08+00:00","dateModified":"2024-09-16T13:39:57+00:00","breadcrumb":{"@id":"https:\/\/norbo.com.tr\/insan_kaynaklari\/#breadcrumb"},"inLanguage":"en-US","potentialAction":[{"@type":"ReadAction","target":["https:\/\/norbo.com.tr\/insan_kaynaklari\/"]}]},{"@type":"BreadcrumbList","@id":"https:\/\/norbo.com.tr\/insan_kaynaklari\/#breadcrumb","itemListElement":[{"@type":"ListItem","position":1,"name":"Anasayfa","item":"https:\/\/norbo.com.tr\/"},{"@type":"ListItem","position":2,"name":"\u0130nsan Kaynaklar\u0131"}]},{"@type":"WebSite","@id":"https:\/\/norbo.com.tr\/#website","url":"https:\/\/norbo.com.tr\/","name":"NORBO","description":"","potentialAction":[{"@type":"SearchAction","target":{"@type":"EntryPoint","urlTemplate":"https:\/\/norbo.com.tr\/?s={search_term_string}"},"query-input":{"@type":"PropertyValueSpecification","valueRequired":true,"valueName":"search_term_string"}}],"inLanguage":"en-US"}]}},"_links":{"self":[{"href":"https:\/\/norbo.com.tr\/en\/wp-json\/wp\/v2\/pages\/1615","targetHints":{"allow":["GET"]}}],"collection":[{"href":"https:\/\/norbo.com.tr\/en\/wp-json\/wp\/v2\/pages"}],"about":[{"href":"https:\/\/norbo.com.tr\/en\/wp-json\/wp\/v2\/types\/page"}],"author":[{"embeddable":true,"href":"https:\/\/norbo.com.tr\/en\/wp-json\/wp\/v2\/users\/1"}],"replies":[{"embeddable":true,"href":"https:\/\/norbo.com.tr\/en\/wp-json\/wp\/v2\/comments?post=1615"}],"version-history":[{"count":109,"href":"https:\/\/norbo.com.tr\/en\/wp-json\/wp\/v2\/pages\/1615\/revisions"}],"predecessor-version":[{"id":5220,"href":"https:\/\/norbo.com.tr\/en\/wp-json\/wp\/v2\/pages\/1615\/revisions\/5220"}],"wp:attachment":[{"href":"https:\/\/norbo.com.tr\/en\/wp-json\/wp\/v2\/media?parent=1615"}],"curies":[{"name":"wp","href":"https:\/\/api.w.org\/{rel}","templated":true}]}}