{"id":1803,"date":"2021-01-24T16:12:43","date_gmt":"2021-01-24T16:12:43","guid":{"rendered":"http:\/\/http:\/\/norbo.com.tr?page_id=1803"},"modified":"2024-12-27T06:59:55","modified_gmt":"2024-12-27T06:59:55","slug":"urun_hizmet_tedarik","status":"publish","type":"page","link":"https:\/\/norbo.com.tr\/en\/fields_of_activity\/product_and_service_procurement\/","title":{"rendered":"Product and Service Procurement"},"content":{"rendered":"<div data-elementor-type=\"wp-page\" data-elementor-id=\"1803\" class=\"elementor elementor-1803\">\n\t\t\t\t\t\t<section class=\"elementor-section elementor-top-section elementor-element elementor-element-a2f51b9 elementor-section-boxed elementor-section-height-default elementor-section-height-default\" data-id=\"a2f51b9\" data-element_type=\"section\" data-e-type=\"section\" data-settings=\"{&quot;background_background&quot;:&quot;classic&quot;}\">\r\n\t\t\t\t\t\t<div class=\"elementor-container elementor-column-gap-thegem\"><div class=\"elementor-row\">\r\n\t\t\t\t\t<div class=\"elementor-column elementor-col-100 elementor-top-column elementor-element elementor-element-712590b\" data-id=\"712590b\" data-element_type=\"column\" data-e-type=\"column\">\n\t\t\t<div class=\"elementor-widget-wrap elementor-element-populated\">\n\t\t\t\t\t\t<div class=\"elementor-element elementor-element-2e767b9 flex-horizontal-align-default flex-horizontal-align-tablet-default flex-horizontal-align-mobile-default flex-vertical-align-default flex-vertical-align-tablet-default flex-vertical-align-mobile-default elementor-widget elementor-widget-text-editor\" data-id=\"2e767b9\" data-element_type=\"widget\" data-e-type=\"widget\" data-widget_type=\"text-editor.default\">\n\t\t\t\t<div class=\"elementor-widget-container\">\n\t\t\t\t\t\t\t\t\t\t\t\t<div class=\"elementor-text-editor elementor-clearfix\">\r\n\t\t\t\t\t\t<p class=\"MsoNormal\">Norbo, sa\u011flad\u0131\u011f\u0131 \u00fcr\u00fcnler ve verdi\u011fi hizmetlerle ilgili deste\u011fini, bunlar\u0131n \u00f6m\u00fcr devri boyunca vermeye devam ediyor. \u00dcr\u00fcn ve hizmet sa\u011flama konusundaki 20 y\u0131l\u0131 a\u015fan tecr\u00fcbesi, sat\u0131\u015f sonras\u0131 destek konusunda, \u00fcst d\u00fczey m\u00fc\u015fteri memnuniyetinin sa\u011fland\u0131\u011f\u0131 bir\u00e7ok \u00f6rnek bar\u0131nd\u0131r\u0131yor.<\/p><p class=\"MsoNormal\">Norbo foresees after-sales support needs in advance thanks to its years of experience and makes necessary preparations. Thus, it is always ready to serve when needed.<\/p><p class=\"MsoNormal\">Sat\u0131\u015f sonras\u0131 deste\u011fin, hem teknik hem de idari boyutlar\u0131, tecr\u00fcbenin yan\u0131 s\u0131ra geni\u015f bir i\u015f a\u011f\u0131n\u0131 da gerekli k\u0131l\u0131yor. Faaliyet alanlar\u0131nda, sekt\u00f6r\u00fcn en geni\u015f i\u015f a\u011flar\u0131ndan birine sahip olan Norbo, b\u00f6ylece farkl\u0131 payda\u015flar\u0131n\u0131n deste\u011fini, h\u0131zl\u0131 bir \u015fekilde alabiliyor.<\/p>\t\t\t\t\t\t\t<\/div>\r\n\t\t\t\t\t\t\t\t\t\t<\/div>\n\t\t\t\t<\/div>\n\t\t\t\t<div class=\"elementor-element elementor-element-6a68f37 flex-horizontal-align-default flex-horizontal-align-tablet-default flex-horizontal-align-mobile-default flex-vertical-align-default flex-vertical-align-tablet-default flex-vertical-align-mobile-default elementor-widget elementor-widget-text-editor\" data-id=\"6a68f37\" data-element_type=\"widget\" data-e-type=\"widget\" data-widget_type=\"text-editor.default\">\n\t\t\t\t<div class=\"elementor-widget-container\">\n\t\t\t\t\t\t\t\t\t\t\t\t<div class=\"elementor-text-editor elementor-clearfix\">\r\n\t\t\t\t\t\t<p>\u00dcr\u00fcn ve hizmet tedariki konular\u0131nda, \u201c<a href=\"https:\/\/norbo.com.tr\/en\/contact\/\">Communication<\/a>page.<\/p>\t\t\t\t\t\t\t<\/div>\r\n\t\t\t\t\t\t\t\t\t\t<\/div>\n\t\t\t\t<\/div>\n\t\t\t\t<div class=\"elementor-element elementor-element-b17629c flex-horizontal-align-default flex-horizontal-align-tablet-default flex-horizontal-align-mobile-default flex-vertical-align-default flex-vertical-align-tablet-default flex-vertical-align-mobile-default elementor-widget elementor-widget-text-editor\" data-id=\"b17629c\" data-element_type=\"widget\" data-e-type=\"widget\" data-widget_type=\"text-editor.default\">\n\t\t\t\t<div class=\"elementor-widget-container\">\n\t\t\t\t\t\t\t\t\t\t\t\t<div class=\"elementor-text-editor elementor-clearfix\">\r\n\t\t\t\t\t\t<p>For detailed information, you can contact Norbo authorities via the contact information or contact form on the<a href=\"https:\/\/norbo.com.tr\/en\/contact\/\">\u00a0Contact\u00a0<\/a>page.<\/p>\t\t\t\t\t\t\t<\/div>\r\n\t\t\t\t\t\t\t\t\t\t<\/div>\n\t\t\t\t<\/div>\n\t\t\t\t\t<\/div>\n\t\t<\/div>\n\t\t\t\t\t<\/div><\/div>\r\n\t\t<\/section>\r\n\t\t\t\t<section class=\"elementor-section elementor-top-section elementor-element elementor-element-d703d13 elementor-section-full_width elementor-section-height-default elementor-section-height-default\" data-id=\"d703d13\" data-element_type=\"section\" data-e-type=\"section\">\r\n\t\t\t\t\t\t<div class=\"elementor-container elementor-column-gap-no\"><div class=\"elementor-row\">\r\n\t\t\t\t\t<div class=\"elementor-column elementor-col-33 elementor-top-column elementor-element elementor-element-bb0950a\" data-id=\"bb0950a\" data-element_type=\"column\" data-e-type=\"column\" data-settings=\"{&quot;background_background&quot;:&quot;classic&quot;}\">\n\t\t\t<div class=\"elementor-widget-wrap elementor-element-populated\">\n\t\t\t\t\t\t<div class=\"elementor-element elementor-element-a1c3f43 flex-horizontal-align-default flex-horizontal-align-tablet-default flex-horizontal-align-mobile-default flex-vertical-align-default flex-vertical-align-tablet-default flex-vertical-align-mobile-default elementor-widget elementor-widget-heading\" data-id=\"a1c3f43\" data-element_type=\"widget\" data-e-type=\"widget\" data-widget_type=\"heading.default\">\n\t\t\t\t<div class=\"elementor-widget-container\">\n\t\t\t\t\t<h3 class=\"elementor-heading-title elementor-size-default\">\nNORBO'YU \u00dcR\u00dcN VE H\u0130ZMET TEDAR\u0130K\u0130NDE \u00d6N PLANA \u00c7IKARTAN NOKTALAR<\/h3>\t\t\t\t<\/div>\n\t\t\t\t<\/div>\n\t\t\t\t\t<\/div>\n\t\t<\/div>\n\t\t\t\t<div class=\"elementor-column elementor-col-33 elementor-top-column elementor-element elementor-element-e0422d9\" data-id=\"e0422d9\" data-element_type=\"column\" data-e-type=\"column\" data-settings=\"{&quot;background_background&quot;:&quot;classic&quot;}\">\n\t\t\t<div class=\"elementor-widget-wrap elementor-element-populated\">\n\t\t\t\t\t\t<div class=\"elementor-element elementor-element-b501ebf flex-horizontal-align-default flex-horizontal-align-tablet-default flex-horizontal-align-mobile-default flex-vertical-align-default flex-vertical-align-tablet-default flex-vertical-align-mobile-default elementor-widget elementor-widget-heading\" data-id=\"b501ebf\" data-element_type=\"widget\" data-e-type=\"widget\" data-widget_type=\"heading.default\">\n\t\t\t\t<div class=\"elementor-widget-container\">\n\t\t\t\t\t<div class=\"title-xlarge elementor-heading-title elementor-size-default\">01.<\/div>\t\t\t\t<\/div>\n\t\t\t\t<\/div>\n\t\t\t\t<div class=\"elementor-element elementor-element-ff22475 flex-horizontal-align-default flex-horizontal-align-tablet-default flex-horizontal-align-mobile-default flex-vertical-align-default flex-vertical-align-tablet-default flex-vertical-align-mobile-default elementor-widget elementor-widget-heading\" data-id=\"ff22475\" data-element_type=\"widget\" data-e-type=\"widget\" data-widget_type=\"heading.default\">\n\t\t\t\t<div class=\"elementor-widget-container\">\n\t\t\t\t\t<h4 class=\"light elementor-heading-title elementor-size-default\">kurumsal<br>\u00c7EV\u0130KL\u0130K<\/h4>\t\t\t\t<\/div>\n\t\t\t\t<\/div>\n\t\t\t\t<div class=\"elementor-element elementor-element-9556fdb flex-horizontal-align-default flex-horizontal-align-tablet-default flex-horizontal-align-mobile-default flex-vertical-align-default flex-vertical-align-tablet-default flex-vertical-align-mobile-default elementor-widget elementor-widget-text-editor\" data-id=\"9556fdb\" data-element_type=\"widget\" data-e-type=\"widget\" data-widget_type=\"text-editor.default\">\n\t\t\t\t<div class=\"elementor-widget-container\">\n\t\t\t\t\t\t\t\t\t\t\t\t<div class=\"elementor-text-editor elementor-clearfix\">\r\n\t\t\t\t\t\t<p>\u00c7ok h\u0131zl\u0131 karar alabilmeyi ve bu kararlar\u0131 \u00e7ok h\u0131zl\u0131 bir \u015fekilde uygulamaya koyabilmeyi sa\u011flayan kurumsal \u00e7eviklik<\/p>\t\t\t\t\t\t\t<\/div>\r\n\t\t\t\t\t\t\t\t\t\t<\/div>\n\t\t\t\t<\/div>\n\t\t\t\t\t<\/div>\n\t\t<\/div>\n\t\t\t\t<div class=\"elementor-column elementor-col-33 elementor-top-column elementor-element elementor-element-e0d556f\" data-id=\"e0d556f\" data-element_type=\"column\" data-e-type=\"column\" data-settings=\"{&quot;background_background&quot;:&quot;classic&quot;}\">\n\t\t\t<div class=\"elementor-widget-wrap elementor-element-populated\">\n\t\t\t\t\t\t<div class=\"elementor-element elementor-element-4a2e92c flex-horizontal-align-default flex-horizontal-align-tablet-default flex-horizontal-align-mobile-default flex-vertical-align-default flex-vertical-align-tablet-default flex-vertical-align-mobile-default elementor-widget elementor-widget-heading\" data-id=\"4a2e92c\" data-element_type=\"widget\" data-e-type=\"widget\" data-widget_type=\"heading.default\">\n\t\t\t\t<div class=\"elementor-widget-container\">\n\t\t\t\t\t<div class=\"title-xlarge elementor-heading-title elementor-size-default\">02.<\/div>\t\t\t\t<\/div>\n\t\t\t\t<\/div>\n\t\t\t\t<div class=\"elementor-element elementor-element-d29300f flex-horizontal-align-default flex-horizontal-align-tablet-default flex-horizontal-align-mobile-default flex-vertical-align-default flex-vertical-align-tablet-default flex-vertical-align-mobile-default elementor-widget elementor-widget-heading\" data-id=\"d29300f\" data-element_type=\"widget\" data-e-type=\"widget\" data-widget_type=\"heading.default\">\n\t\t\t\t<div class=\"elementor-widget-container\">\n\t\t\t\t\t<h4 class=\"light elementor-heading-title elementor-size-default\">TECR\u00dcBE <br>VE \u0130\u015e A\u011eI<\/h4>\t\t\t\t<\/div>\n\t\t\t\t<\/div>\n\t\t\t\t<div class=\"elementor-element elementor-element-0c39112 flex-horizontal-align-default flex-horizontal-align-tablet-default flex-horizontal-align-mobile-default flex-vertical-align-default flex-vertical-align-tablet-default flex-vertical-align-mobile-default elementor-widget elementor-widget-text-editor\" data-id=\"0c39112\" data-element_type=\"widget\" data-e-type=\"widget\" data-widget_type=\"text-editor.default\">\n\t\t\t\t<div class=\"elementor-widget-container\">\n\t\t\t\t\t\t\t\t\t\t\t\t<div class=\"elementor-text-editor elementor-clearfix\">\r\n\t\t\t\t\t\t<p>Do\u011fru bilgiye, h\u0131zl\u0131 ve kolay bir \u015fekilde ula\u015fmay\u0131 sa\u011flayan tecr\u00fcbe ve i\u015f a\u011f\u0131<\/p>\t\t\t\t\t\t\t<\/div>\r\n\t\t\t\t\t\t\t\t\t\t<\/div>\n\t\t\t\t<\/div>\n\t\t\t\t\t<\/div>\n\t\t<\/div>\n\t\t\t\t\t<\/div><\/div>\r\n\t\t<\/section>\r\n\t\t\t\t<section class=\"elementor-section elementor-top-section elementor-element elementor-element-a7670ae elementor-section-full_width elementor-section-height-default elementor-section-height-default\" data-id=\"a7670ae\" data-element_type=\"section\" data-e-type=\"section\">\r\n\t\t\t\t\t\t<div class=\"elementor-container elementor-column-gap-no\"><div class=\"elementor-row\">\r\n\t\t\t\t\t<div class=\"elementor-column elementor-col-33 elementor-top-column elementor-element elementor-element-bc33f46\" data-id=\"bc33f46\" data-element_type=\"column\" data-e-type=\"column\" data-settings=\"{&quot;background_background&quot;:&quot;classic&quot;}\">\n\t\t\t<div class=\"elementor-widget-wrap elementor-element-populated\">\n\t\t\t\t\t\t<div class=\"elementor-element elementor-element-19a85d6 flex-horizontal-align-default flex-horizontal-align-tablet-default flex-horizontal-align-mobile-default flex-vertical-align-default flex-vertical-align-tablet-default flex-vertical-align-mobile-default elementor-widget elementor-widget-heading\" data-id=\"19a85d6\" data-element_type=\"widget\" data-e-type=\"widget\" data-widget_type=\"heading.default\">\n\t\t\t\t<div class=\"elementor-widget-container\">\n\t\t\t\t\t<div class=\"title-xlarge elementor-heading-title elementor-size-default\">03.<\/div>\t\t\t\t<\/div>\n\t\t\t\t<\/div>\n\t\t\t\t<div class=\"elementor-element elementor-element-700897a flex-horizontal-align-default flex-horizontal-align-tablet-default flex-horizontal-align-mobile-default flex-vertical-align-default flex-vertical-align-tablet-default flex-vertical-align-mobile-default elementor-widget elementor-widget-heading\" data-id=\"700897a\" data-element_type=\"widget\" data-e-type=\"widget\" data-widget_type=\"heading.default\">\n\t\t\t\t<div class=\"elementor-widget-container\">\n\t\t\t\t\t<h4 class=\"light elementor-heading-title elementor-size-default\">TECR\u00dcBEL\u0130<br> PERSONEL<\/h4>\t\t\t\t<\/div>\n\t\t\t\t<\/div>\n\t\t\t\t<div class=\"elementor-element elementor-element-fc7e6d2 flex-horizontal-align-default flex-horizontal-align-tablet-default flex-horizontal-align-mobile-default flex-vertical-align-default flex-vertical-align-tablet-default flex-vertical-align-mobile-default elementor-widget elementor-widget-text-editor\" data-id=\"fc7e6d2\" data-element_type=\"widget\" data-e-type=\"widget\" data-widget_type=\"text-editor.default\">\n\t\t\t\t<div class=\"elementor-widget-container\">\n\t\t\t\t\t\t\t\t\t\t\t\t<div class=\"elementor-text-editor elementor-clearfix\">\r\n\t\t\t\t\t\t<p>Entegre lojistik destek, kalite-kontrol ve test gibi alanlarda yetkin teknik altyap\u0131 ve tecr\u00fcbeli personel<\/p>\t\t\t\t\t\t\t<\/div>\r\n\t\t\t\t\t\t\t\t\t\t<\/div>\n\t\t\t\t<\/div>\n\t\t\t\t\t<\/div>\n\t\t<\/div>\n\t\t\t\t<div class=\"elementor-column elementor-col-33 elementor-top-column elementor-element elementor-element-2666ef5\" data-id=\"2666ef5\" data-element_type=\"column\" data-e-type=\"column\" data-settings=\"{&quot;background_background&quot;:&quot;classic&quot;}\">\n\t\t\t<div class=\"elementor-widget-wrap elementor-element-populated\">\n\t\t\t\t\t\t<div class=\"elementor-element elementor-element-a11c6cf flex-horizontal-align-default flex-horizontal-align-tablet-default flex-horizontal-align-mobile-default flex-vertical-align-default flex-vertical-align-tablet-default flex-vertical-align-mobile-default elementor-widget elementor-widget-heading\" data-id=\"a11c6cf\" data-element_type=\"widget\" data-e-type=\"widget\" data-widget_type=\"heading.default\">\n\t\t\t\t<div class=\"elementor-widget-container\">\n\t\t\t\t\t<div class=\"title-xlarge elementor-heading-title elementor-size-default\">04.<\/div>\t\t\t\t<\/div>\n\t\t\t\t<\/div>\n\t\t\t\t<div class=\"elementor-element elementor-element-9c09103 flex-horizontal-align-default flex-horizontal-align-tablet-default flex-horizontal-align-mobile-default flex-vertical-align-default flex-vertical-align-tablet-default flex-vertical-align-mobile-default elementor-widget elementor-widget-heading\" data-id=\"9c09103\" data-element_type=\"widget\" data-e-type=\"widget\" data-widget_type=\"heading.default\">\n\t\t\t\t<div class=\"elementor-widget-container\">\n\t\t\t\t\t<h4 class=\"light elementor-heading-title elementor-size-default\">PLANLI<br>FAAL\u0130YETLER<\/h4>\t\t\t\t<\/div>\n\t\t\t\t<\/div>\n\t\t\t\t<div class=\"elementor-element elementor-element-65a688b flex-horizontal-align-default flex-horizontal-align-tablet-default flex-horizontal-align-mobile-default flex-vertical-align-default flex-vertical-align-tablet-default flex-vertical-align-mobile-default elementor-widget elementor-widget-text-editor\" data-id=\"65a688b\" data-element_type=\"widget\" data-e-type=\"widget\" data-widget_type=\"text-editor.default\">\n\t\t\t\t<div class=\"elementor-widget-container\">\n\t\t\t\t\t\t\t\t\t\t\t\t<div class=\"elementor-text-editor elementor-clearfix\">\r\n\t\t\t\t\t\t<p>Etkili karar alma s\u00fcre\u00e7leri sonucunda ger\u00e7ekle\u015ftirilen planl\u0131 faaliyetler sayesinde, ihtiya\u00e7lar ortaya \u00e7\u0131kmadan haz\u0131rl\u0131k yapabilme kabiliyeti<\/p>\t\t\t\t\t\t\t<\/div>\r\n\t\t\t\t\t\t\t\t\t\t<\/div>\n\t\t\t\t<\/div>\n\t\t\t\t\t<\/div>\n\t\t<\/div>\n\t\t\t\t<div class=\"elementor-column elementor-col-33 elementor-top-column elementor-element elementor-element-1ba39dc\" data-id=\"1ba39dc\" data-element_type=\"column\" data-e-type=\"column\" data-settings=\"{&quot;background_background&quot;:&quot;classic&quot;}\">\n\t\t\t<div class=\"elementor-widget-wrap elementor-element-populated\">\n\t\t\t\t\t\t<div class=\"elementor-element elementor-element-120656d flex-horizontal-align-default flex-horizontal-align-tablet-default flex-horizontal-align-mobile-default flex-vertical-align-default flex-vertical-align-tablet-default flex-vertical-align-mobile-default elementor-widget elementor-widget-heading\" data-id=\"120656d\" data-element_type=\"widget\" data-e-type=\"widget\" data-widget_type=\"heading.default\">\n\t\t\t\t<div class=\"elementor-widget-container\">\n\t\t\t\t\t<div class=\"title-xlarge elementor-heading-title elementor-size-default\">05.<\/div>\t\t\t\t<\/div>\n\t\t\t\t<\/div>\n\t\t\t\t<div class=\"elementor-element elementor-element-5c1572a flex-horizontal-align-default flex-horizontal-align-tablet-default flex-horizontal-align-mobile-default flex-vertical-align-default flex-vertical-align-tablet-default flex-vertical-align-mobile-default elementor-widget elementor-widget-heading\" data-id=\"5c1572a\" data-element_type=\"widget\" data-e-type=\"widget\" data-widget_type=\"heading.default\">\n\t\t\t\t<div class=\"elementor-widget-container\">\n\t\t\t\t\t<h4 class=\"light elementor-heading-title elementor-size-default\">20 YILI A\u015eAN<br>TECR\u00dcBE<\/h4>\t\t\t\t<\/div>\n\t\t\t\t<\/div>\n\t\t\t\t<div class=\"elementor-element elementor-element-8a37378 flex-horizontal-align-default flex-horizontal-align-tablet-default flex-horizontal-align-mobile-default flex-vertical-align-default flex-vertical-align-tablet-default flex-vertical-align-mobile-default elementor-widget elementor-widget-text-editor\" data-id=\"8a37378\" data-element_type=\"widget\" data-e-type=\"widget\" data-widget_type=\"text-editor.default\">\n\t\t\t\t<div class=\"elementor-widget-container\">\n\t\t\t\t\t\t\t\t\t\t\t\t<div class=\"elementor-text-editor elementor-clearfix\">\r\n\t\t\t\t\t\t<p>Kurumsal de\u011ferlerden taviz verilmeden ba\u015far\u0131yla tamamlanm\u0131\u015f \u00e7al\u0131\u015fmalardan olu\u015fan ve 20 y\u0131l\u0131 a\u015fan tecr\u00fcbe<\/p>\t\t\t\t\t\t\t<\/div>\r\n\t\t\t\t\t\t\t\t\t\t<\/div>\n\t\t\t\t<\/div>\n\t\t\t\t\t<\/div>\n\t\t<\/div>\n\t\t\t\t\t<\/div><\/div>\r\n\t\t<\/section>\r\n\t\t\t\t<\/div>","protected":false},"excerpt":{"rendered":"<p>Norbo, sa\u011flad\u0131\u011f\u0131 \u00fcr\u00fcnler ve verdi\u011fi hizmetlerle ilgili deste\u011fini, bunlar\u0131n \u00f6m\u00fcr devri boyunca vermeye devam ediyor. \u00dcr\u00fcn ve hizmet sa\u011flama konusundaki&#8230;<\/p>","protected":false},"author":1,"featured_media":4282,"parent":1591,"menu_order":0,"comment_status":"closed","ping_status":"closed","template":"page-fullwidth.php","meta":{"footnotes":""},"class_list":["post-1803","page","type-page","status-publish","has-post-thumbnail"],"yoast_head":"<!-- This site is optimized with the Yoast SEO plugin v25.3.1 - https:\/\/yoast.com\/wordpress\/plugins\/seo\/ -->\n<title>\u00dcr\u00fcn ve Hizmet Tedariki - NORBO<\/title>\n<meta name=\"robots\" content=\"index, follow, max-snippet:-1, max-image-preview:large, max-video-preview:-1\" \/>\n<link rel=\"canonical\" href=\"https:\/\/norbo.com.tr\/en\/fields_of_activity\/product_and_service_procurement\/\" \/>\n<meta property=\"og:locale\" content=\"en_US\" \/>\n<meta property=\"og:type\" content=\"article\" \/>\n<meta property=\"og:title\" content=\"\u00dcr\u00fcn ve Hizmet Tedariki - NORBO\" \/>\n<meta property=\"og:description\" content=\"Norbo, sa\u011flad\u0131\u011f\u0131 \u00fcr\u00fcnler ve verdi\u011fi hizmetlerle ilgili deste\u011fini, bunlar\u0131n \u00f6m\u00fcr devri boyunca vermeye devam ediyor. \u00dcr\u00fcn ve hizmet sa\u011flama konusundaki...\" \/>\n<meta property=\"og:url\" content=\"https:\/\/norbo.com.tr\/en\/fields_of_activity\/product_and_service_procurement\/\" \/>\n<meta property=\"og:site_name\" content=\"NORBO\" \/>\n<meta property=\"article:modified_time\" content=\"2024-12-27T06:59:55+00:00\" \/>\n<meta property=\"og:image\" content=\"https:\/\/norbo.com.tr\/wp-content\/uploads\/2021\/10\/URUN_VE_HIZMET_TEDARIKI-2_v2.jpg\" \/>\n\t<meta property=\"og:image:width\" content=\"1498\" \/>\n\t<meta property=\"og:image:height\" content=\"1370\" \/>\n\t<meta property=\"og:image:type\" content=\"image\/jpeg\" \/>\n<meta name=\"twitter:card\" content=\"summary_large_image\" \/>\n<meta name=\"twitter:label1\" content=\"Est. reading time\" \/>\n\t<meta name=\"twitter:data1\" content=\"2 minutes\" \/>\n<script type=\"application\/ld+json\" class=\"yoast-schema-graph\">{\"@context\":\"https:\/\/schema.org\",\"@graph\":[{\"@type\":\"WebPage\",\"@id\":\"https:\/\/norbo.com.tr\/faaliyet_alan\/urun_hizmet_tedarik\/\",\"url\":\"https:\/\/norbo.com.tr\/faaliyet_alan\/urun_hizmet_tedarik\/\",\"name\":\"\u00dcr\u00fcn ve Hizmet Tedariki - NORBO\",\"isPartOf\":{\"@id\":\"https:\/\/norbo.com.tr\/#website\"},\"primaryImageOfPage\":{\"@id\":\"https:\/\/norbo.com.tr\/faaliyet_alan\/urun_hizmet_tedarik\/#primaryimage\"},\"image\":{\"@id\":\"https:\/\/norbo.com.tr\/faaliyet_alan\/urun_hizmet_tedarik\/#primaryimage\"},\"thumbnailUrl\":\"https:\/\/norbo.com.tr\/wp-content\/uploads\/2021\/10\/URUN_VE_HIZMET_TEDARIKI-2_v2.jpg\",\"datePublished\":\"2021-01-24T16:12:43+00:00\",\"dateModified\":\"2024-12-27T06:59:55+00:00\",\"breadcrumb\":{\"@id\":\"https:\/\/norbo.com.tr\/faaliyet_alan\/urun_hizmet_tedarik\/#breadcrumb\"},\"inLanguage\":\"en-US\",\"potentialAction\":[{\"@type\":\"ReadAction\",\"target\":[\"https:\/\/norbo.com.tr\/faaliyet_alan\/urun_hizmet_tedarik\/\"]}]},{\"@type\":\"ImageObject\",\"inLanguage\":\"en-US\",\"@id\":\"https:\/\/norbo.com.tr\/faaliyet_alan\/urun_hizmet_tedarik\/#primaryimage\",\"url\":\"https:\/\/norbo.com.tr\/wp-content\/uploads\/2021\/10\/URUN_VE_HIZMET_TEDARIKI-2_v2.jpg\",\"contentUrl\":\"https:\/\/norbo.com.tr\/wp-content\/uploads\/2021\/10\/URUN_VE_HIZMET_TEDARIKI-2_v2.jpg\",\"width\":1498,\"height\":1370},{\"@type\":\"BreadcrumbList\",\"@id\":\"https:\/\/norbo.com.tr\/faaliyet_alan\/urun_hizmet_tedarik\/#breadcrumb\",\"itemListElement\":[{\"@type\":\"ListItem\",\"position\":1,\"name\":\"Anasayfa\",\"item\":\"https:\/\/norbo.com.tr\/\"},{\"@type\":\"ListItem\",\"position\":2,\"name\":\"Faaliyet Alanlar\u0131\",\"item\":\"https:\/\/norbo.com.tr\/faaliyet_alan\/\"},{\"@type\":\"ListItem\",\"position\":3,\"name\":\"\u00dcr\u00fcn ve Hizmet Tedariki\"}]},{\"@type\":\"WebSite\",\"@id\":\"https:\/\/norbo.com.tr\/#website\",\"url\":\"https:\/\/norbo.com.tr\/\",\"name\":\"NORBO\",\"description\":\"\",\"potentialAction\":[{\"@type\":\"SearchAction\",\"target\":{\"@type\":\"EntryPoint\",\"urlTemplate\":\"https:\/\/norbo.com.tr\/?s={search_term_string}\"},\"query-input\":{\"@type\":\"PropertyValueSpecification\",\"valueRequired\":true,\"valueName\":\"search_term_string\"}}],\"inLanguage\":\"en-US\"}]}<\/script>\n<!-- \/ Yoast SEO plugin. -->","yoast_head_json":{"title":"\u00dcr\u00fcn ve Hizmet Tedariki - NORBO","robots":{"index":"index","follow":"follow","max-snippet":"max-snippet:-1","max-image-preview":"max-image-preview:large","max-video-preview":"max-video-preview:-1"},"canonical":"https:\/\/norbo.com.tr\/en\/fields_of_activity\/product_and_service_procurement\/","og_locale":"en_US","og_type":"article","og_title":"\u00dcr\u00fcn ve Hizmet Tedariki - NORBO","og_description":"Norbo, sa\u011flad\u0131\u011f\u0131 \u00fcr\u00fcnler ve verdi\u011fi hizmetlerle ilgili deste\u011fini, bunlar\u0131n \u00f6m\u00fcr devri boyunca vermeye devam ediyor. \u00dcr\u00fcn ve hizmet sa\u011flama konusundaki...","og_url":"https:\/\/norbo.com.tr\/en\/fields_of_activity\/product_and_service_procurement\/","og_site_name":"NORBO","article_modified_time":"2024-12-27T06:59:55+00:00","og_image":[{"width":1498,"height":1370,"url":"https:\/\/norbo.com.tr\/wp-content\/uploads\/2021\/10\/URUN_VE_HIZMET_TEDARIKI-2_v2.jpg","type":"image\/jpeg"}],"twitter_card":"summary_large_image","twitter_misc":{"Est. reading time":"2 minutes"},"schema":{"@context":"https:\/\/schema.org","@graph":[{"@type":"WebPage","@id":"https:\/\/norbo.com.tr\/faaliyet_alan\/urun_hizmet_tedarik\/","url":"https:\/\/norbo.com.tr\/faaliyet_alan\/urun_hizmet_tedarik\/","name":"\u00dcr\u00fcn ve Hizmet Tedariki - NORBO","isPartOf":{"@id":"https:\/\/norbo.com.tr\/#website"},"primaryImageOfPage":{"@id":"https:\/\/norbo.com.tr\/faaliyet_alan\/urun_hizmet_tedarik\/#primaryimage"},"image":{"@id":"https:\/\/norbo.com.tr\/faaliyet_alan\/urun_hizmet_tedarik\/#primaryimage"},"thumbnailUrl":"https:\/\/norbo.com.tr\/wp-content\/uploads\/2021\/10\/URUN_VE_HIZMET_TEDARIKI-2_v2.jpg","datePublished":"2021-01-24T16:12:43+00:00","dateModified":"2024-12-27T06:59:55+00:00","breadcrumb":{"@id":"https:\/\/norbo.com.tr\/faaliyet_alan\/urun_hizmet_tedarik\/#breadcrumb"},"inLanguage":"en-US","potentialAction":[{"@type":"ReadAction","target":["https:\/\/norbo.com.tr\/faaliyet_alan\/urun_hizmet_tedarik\/"]}]},{"@type":"ImageObject","inLanguage":"en-US","@id":"https:\/\/norbo.com.tr\/faaliyet_alan\/urun_hizmet_tedarik\/#primaryimage","url":"https:\/\/norbo.com.tr\/wp-content\/uploads\/2021\/10\/URUN_VE_HIZMET_TEDARIKI-2_v2.jpg","contentUrl":"https:\/\/norbo.com.tr\/wp-content\/uploads\/2021\/10\/URUN_VE_HIZMET_TEDARIKI-2_v2.jpg","width":1498,"height":1370},{"@type":"BreadcrumbList","@id":"https:\/\/norbo.com.tr\/faaliyet_alan\/urun_hizmet_tedarik\/#breadcrumb","itemListElement":[{"@type":"ListItem","position":1,"name":"Anasayfa","item":"https:\/\/norbo.com.tr\/"},{"@type":"ListItem","position":2,"name":"Faaliyet Alanlar\u0131","item":"https:\/\/norbo.com.tr\/faaliyet_alan\/"},{"@type":"ListItem","position":3,"name":"\u00dcr\u00fcn ve Hizmet Tedariki"}]},{"@type":"WebSite","@id":"https:\/\/norbo.com.tr\/#website","url":"https:\/\/norbo.com.tr\/","name":"NORBO","description":"","potentialAction":[{"@type":"SearchAction","target":{"@type":"EntryPoint","urlTemplate":"https:\/\/norbo.com.tr\/?s={search_term_string}"},"query-input":{"@type":"PropertyValueSpecification","valueRequired":true,"valueName":"search_term_string"}}],"inLanguage":"en-US"}]}},"_links":{"self":[{"href":"https:\/\/norbo.com.tr\/en\/wp-json\/wp\/v2\/pages\/1803","targetHints":{"allow":["GET"]}}],"collection":[{"href":"https:\/\/norbo.com.tr\/en\/wp-json\/wp\/v2\/pages"}],"about":[{"href":"https:\/\/norbo.com.tr\/en\/wp-json\/wp\/v2\/types\/page"}],"author":[{"embeddable":true,"href":"https:\/\/norbo.com.tr\/en\/wp-json\/wp\/v2\/users\/1"}],"replies":[{"embeddable":true,"href":"https:\/\/norbo.com.tr\/en\/wp-json\/wp\/v2\/comments?post=1803"}],"version-history":[{"count":90,"href":"https:\/\/norbo.com.tr\/en\/wp-json\/wp\/v2\/pages\/1803\/revisions"}],"predecessor-version":[{"id":4238,"href":"https:\/\/norbo.com.tr\/en\/wp-json\/wp\/v2\/pages\/1803\/revisions\/4238"}],"up":[{"embeddable":true,"href":"https:\/\/norbo.com.tr\/en\/wp-json\/wp\/v2\/pages\/1591"}],"wp:featuredmedia":[{"embeddable":true,"href":"https:\/\/norbo.com.tr\/en\/wp-json\/wp\/v2\/media\/4282"}],"wp:attachment":[{"href":"https:\/\/norbo.com.tr\/en\/wp-json\/wp\/v2\/media?parent=1803"}],"curies":[{"name":"wp","href":"https:\/\/api.w.org\/{rel}","templated":true}]}}