{"id":1912,"date":"2021-01-24T19:30:49","date_gmt":"2021-01-24T19:30:49","guid":{"rendered":"http:\/\/http:\/\/norbo.com.tr?page_id=1912"},"modified":"2024-12-27T06:56:12","modified_gmt":"2024-12-27T06:56:12","slug":"kara_sistem_uretim","status":"publish","type":"page","link":"https:\/\/norbo.com.tr\/en\/fields_of_activity\/mechanical_system_production_for_land_platforms\/","title":{"rendered":"Mechanical System Production for Land Platforms"},"content":{"rendered":"<div data-elementor-type=\"wp-page\" data-elementor-id=\"1912\" class=\"elementor elementor-1912\">\n\t\t\t\t\t\t<section class=\"elementor-section elementor-top-section elementor-element elementor-element-3d1b05c elementor-section-boxed elementor-section-height-default elementor-section-height-default\" data-id=\"3d1b05c\" data-element_type=\"section\" data-e-type=\"section\" data-settings=\"{&quot;background_background&quot;:&quot;classic&quot;}\">\r\n\t\t\t\t\t\t<div class=\"elementor-container elementor-column-gap-thegem\"><div class=\"elementor-row\">\r\n\t\t\t\t\t<div class=\"elementor-column elementor-col-100 elementor-top-column elementor-element elementor-element-d7de1f4\" data-id=\"d7de1f4\" data-element_type=\"column\" data-e-type=\"column\">\n\t\t\t<div class=\"elementor-widget-wrap elementor-element-populated\">\n\t\t\t\t\t\t<div class=\"elementor-element elementor-element-86bbf33 flex-horizontal-align-default flex-horizontal-align-tablet-default flex-horizontal-align-mobile-default flex-vertical-align-default flex-vertical-align-tablet-default flex-vertical-align-mobile-default elementor-widget elementor-widget-text-editor\" data-id=\"86bbf33\" data-element_type=\"widget\" data-e-type=\"widget\" data-widget_type=\"text-editor.default\">\n\t\t\t\t<div class=\"elementor-widget-container\">\n\t\t\t\t\t\t\t\t\t\t\t\t<div class=\"elementor-text-editor elementor-clearfix\">\r\n\t\t\t\t\t\t<p>Norbo is preparing to launch a range of solutions to meet the critical needs of end users in the field soon, while continuing to develop its engineering and technical infrastructure to meet the needs of the future.<\/p><p>Sahadaki son kullan\u0131c\u0131lar\u0131n kritik ihtiya\u00e7lar\u0131n\u0131 kar\u015f\u0131layacak bir dizi \u00e7\u00f6z\u00fcm\u00fc, yak\u0131n bir zamanda kullan\u0131ma sunmaya haz\u0131rlanan Norbo, bir yandan da m\u00fchendislik ve teknik altyap\u0131s\u0131n\u0131, gelece\u011fin ihtiya\u00e7lar\u0131n\u0131 da kar\u015f\u0131layabilecek \u015fekilde geli\u015ftirmeye devam ediyor.<\/p>\t\t\t\t\t\t\t<\/div>\r\n\t\t\t\t\t\t\t\t\t\t<\/div>\n\t\t\t\t<\/div>\n\t\t\t\t<div class=\"elementor-element elementor-element-4c5b02e flex-horizontal-align-default flex-horizontal-align-tablet-default flex-horizontal-align-mobile-default flex-vertical-align-default flex-vertical-align-tablet-default flex-vertical-align-mobile-default elementor-widget elementor-widget-text-editor\" data-id=\"4c5b02e\" data-element_type=\"widget\" data-e-type=\"widget\" data-widget_type=\"text-editor.default\">\n\t\t\t\t<div class=\"elementor-widget-container\">\n\t\t\t\t\t\t\t\t\t\t\t\t<div class=\"elementor-text-editor elementor-clearfix\">\r\n\t\t\t\t\t\t<p>For detailed information, you can contact Norbo authorities via the contact information or contact form on the<a href=\"https:\/\/norbo.com.tr\/en\/contact\/\">Communication<\/a>page.<\/p>\t\t\t\t\t\t\t<\/div>\r\n\t\t\t\t\t\t\t\t\t\t<\/div>\n\t\t\t\t<\/div>\n\t\t\t\t\t<\/div>\n\t\t<\/div>\n\t\t\t\t\t<\/div><\/div>\r\n\t\t<\/section>\r\n\t\t\t\t<\/div>","protected":false},"excerpt":{"rendered":"<p>Norbo, \u00e7al\u0131\u015fmalar\u0131n\u0131, kara platformlar\u0131na y\u00f6nelik, \u00e7ok disiplinli yakla\u015f\u0131mlarla geli\u015ftirilen karma\u015f\u0131k sistemlerin \u00fcretimi konusunda yo\u011funla\u015ft\u0131r\u0131yor. Bu alanda ihtiya\u00e7 duyulan \u00e7\u00f6z\u00fcmleri, uzun&#8230;<\/p>","protected":false},"author":1,"featured_media":4281,"parent":1591,"menu_order":0,"comment_status":"closed","ping_status":"closed","template":"page-fullwidth.php","meta":{"footnotes":""},"class_list":["post-1912","page","type-page","status-publish","has-post-thumbnail"],"yoast_head":"<!-- This site is optimized with the Yoast SEO plugin v25.3.1 - https:\/\/yoast.com\/wordpress\/plugins\/seo\/ -->\n<title>Kara Platformlar\u0131na Y\u00f6nelik Mekanik Sistem \u00dcretimi - NORBO<\/title>\n<meta name=\"robots\" content=\"index, follow, max-snippet:-1, max-image-preview:large, max-video-preview:-1\" \/>\n<link rel=\"canonical\" href=\"https:\/\/norbo.com.tr\/en\/fields_of_activity\/mechanical_system_production_for_land_platforms\/\" \/>\n<meta property=\"og:locale\" content=\"en_US\" \/>\n<meta property=\"og:type\" content=\"article\" \/>\n<meta property=\"og:title\" content=\"Kara Platformlar\u0131na Y\u00f6nelik Mekanik Sistem \u00dcretimi - NORBO\" \/>\n<meta property=\"og:description\" content=\"Norbo, \u00e7al\u0131\u015fmalar\u0131n\u0131, kara platformlar\u0131na y\u00f6nelik, \u00e7ok disiplinli yakla\u015f\u0131mlarla geli\u015ftirilen karma\u015f\u0131k sistemlerin \u00fcretimi konusunda yo\u011funla\u015ft\u0131r\u0131yor. Bu alanda ihtiya\u00e7 duyulan \u00e7\u00f6z\u00fcmleri, uzun...\" \/>\n<meta property=\"og:url\" content=\"https:\/\/norbo.com.tr\/en\/fields_of_activity\/mechanical_system_production_for_land_platforms\/\" \/>\n<meta property=\"og:site_name\" content=\"NORBO\" \/>\n<meta property=\"article:modified_time\" content=\"2024-12-27T06:56:12+00:00\" \/>\n<meta property=\"og:image\" content=\"https:\/\/norbo.com.tr\/wp-content\/uploads\/2021\/10\/KARA_PLATFORMLARINA_YONELIK_MEKANIK_SISTEM_URETIMI_2_v2.jpg\" \/>\n\t<meta property=\"og:image:width\" content=\"1185\" \/>\n\t<meta property=\"og:image:height\" content=\"1027\" \/>\n\t<meta property=\"og:image:type\" content=\"image\/jpeg\" \/>\n<meta name=\"twitter:card\" content=\"summary_large_image\" \/>\n<meta name=\"twitter:label1\" content=\"Est. reading time\" \/>\n\t<meta name=\"twitter:data1\" content=\"1 minute\" \/>\n<script type=\"application\/ld+json\" class=\"yoast-schema-graph\">{\"@context\":\"https:\/\/schema.org\",\"@graph\":[{\"@type\":\"WebPage\",\"@id\":\"https:\/\/norbo.com.tr\/faaliyet_alan\/kara_sistem_uretim\/\",\"url\":\"https:\/\/norbo.com.tr\/faaliyet_alan\/kara_sistem_uretim\/\",\"name\":\"Kara Platformlar\u0131na Y\u00f6nelik Mekanik Sistem \u00dcretimi - NORBO\",\"isPartOf\":{\"@id\":\"https:\/\/norbo.com.tr\/#website\"},\"primaryImageOfPage\":{\"@id\":\"https:\/\/norbo.com.tr\/faaliyet_alan\/kara_sistem_uretim\/#primaryimage\"},\"image\":{\"@id\":\"https:\/\/norbo.com.tr\/faaliyet_alan\/kara_sistem_uretim\/#primaryimage\"},\"thumbnailUrl\":\"https:\/\/norbo.com.tr\/wp-content\/uploads\/2021\/10\/KARA_PLATFORMLARINA_YONELIK_MEKANIK_SISTEM_URETIMI_2_v2.jpg\",\"datePublished\":\"2021-01-24T19:30:49+00:00\",\"dateModified\":\"2024-12-27T06:56:12+00:00\",\"breadcrumb\":{\"@id\":\"https:\/\/norbo.com.tr\/faaliyet_alan\/kara_sistem_uretim\/#breadcrumb\"},\"inLanguage\":\"en-US\",\"potentialAction\":[{\"@type\":\"ReadAction\",\"target\":[\"https:\/\/norbo.com.tr\/faaliyet_alan\/kara_sistem_uretim\/\"]}]},{\"@type\":\"ImageObject\",\"inLanguage\":\"en-US\",\"@id\":\"https:\/\/norbo.com.tr\/faaliyet_alan\/kara_sistem_uretim\/#primaryimage\",\"url\":\"https:\/\/norbo.com.tr\/wp-content\/uploads\/2021\/10\/KARA_PLATFORMLARINA_YONELIK_MEKANIK_SISTEM_URETIMI_2_v2.jpg\",\"contentUrl\":\"https:\/\/norbo.com.tr\/wp-content\/uploads\/2021\/10\/KARA_PLATFORMLARINA_YONELIK_MEKANIK_SISTEM_URETIMI_2_v2.jpg\",\"width\":1185,\"height\":1027},{\"@type\":\"BreadcrumbList\",\"@id\":\"https:\/\/norbo.com.tr\/faaliyet_alan\/kara_sistem_uretim\/#breadcrumb\",\"itemListElement\":[{\"@type\":\"ListItem\",\"position\":1,\"name\":\"Anasayfa\",\"item\":\"https:\/\/norbo.com.tr\/\"},{\"@type\":\"ListItem\",\"position\":2,\"name\":\"Faaliyet Alanlar\u0131\",\"item\":\"https:\/\/norbo.com.tr\/faaliyet_alan\/\"},{\"@type\":\"ListItem\",\"position\":3,\"name\":\"Kara Platformlar\u0131na Y\u00f6nelik Mekanik Sistem \u00dcretimi\"}]},{\"@type\":\"WebSite\",\"@id\":\"https:\/\/norbo.com.tr\/#website\",\"url\":\"https:\/\/norbo.com.tr\/\",\"name\":\"NORBO\",\"description\":\"\",\"potentialAction\":[{\"@type\":\"SearchAction\",\"target\":{\"@type\":\"EntryPoint\",\"urlTemplate\":\"https:\/\/norbo.com.tr\/?s={search_term_string}\"},\"query-input\":{\"@type\":\"PropertyValueSpecification\",\"valueRequired\":true,\"valueName\":\"search_term_string\"}}],\"inLanguage\":\"en-US\"}]}<\/script>\n<!-- \/ Yoast SEO plugin. -->","yoast_head_json":{"title":"Kara Platformlar\u0131na Y\u00f6nelik Mekanik Sistem \u00dcretimi - NORBO","robots":{"index":"index","follow":"follow","max-snippet":"max-snippet:-1","max-image-preview":"max-image-preview:large","max-video-preview":"max-video-preview:-1"},"canonical":"https:\/\/norbo.com.tr\/en\/fields_of_activity\/mechanical_system_production_for_land_platforms\/","og_locale":"en_US","og_type":"article","og_title":"Kara Platformlar\u0131na Y\u00f6nelik Mekanik Sistem \u00dcretimi - NORBO","og_description":"Norbo, \u00e7al\u0131\u015fmalar\u0131n\u0131, kara platformlar\u0131na y\u00f6nelik, \u00e7ok disiplinli yakla\u015f\u0131mlarla geli\u015ftirilen karma\u015f\u0131k sistemlerin \u00fcretimi konusunda yo\u011funla\u015ft\u0131r\u0131yor. Bu alanda ihtiya\u00e7 duyulan \u00e7\u00f6z\u00fcmleri, uzun...","og_url":"https:\/\/norbo.com.tr\/en\/fields_of_activity\/mechanical_system_production_for_land_platforms\/","og_site_name":"NORBO","article_modified_time":"2024-12-27T06:56:12+00:00","og_image":[{"width":1185,"height":1027,"url":"https:\/\/norbo.com.tr\/wp-content\/uploads\/2021\/10\/KARA_PLATFORMLARINA_YONELIK_MEKANIK_SISTEM_URETIMI_2_v2.jpg","type":"image\/jpeg"}],"twitter_card":"summary_large_image","twitter_misc":{"Est. reading time":"1 minute"},"schema":{"@context":"https:\/\/schema.org","@graph":[{"@type":"WebPage","@id":"https:\/\/norbo.com.tr\/faaliyet_alan\/kara_sistem_uretim\/","url":"https:\/\/norbo.com.tr\/faaliyet_alan\/kara_sistem_uretim\/","name":"Kara Platformlar\u0131na Y\u00f6nelik Mekanik Sistem \u00dcretimi - NORBO","isPartOf":{"@id":"https:\/\/norbo.com.tr\/#website"},"primaryImageOfPage":{"@id":"https:\/\/norbo.com.tr\/faaliyet_alan\/kara_sistem_uretim\/#primaryimage"},"image":{"@id":"https:\/\/norbo.com.tr\/faaliyet_alan\/kara_sistem_uretim\/#primaryimage"},"thumbnailUrl":"https:\/\/norbo.com.tr\/wp-content\/uploads\/2021\/10\/KARA_PLATFORMLARINA_YONELIK_MEKANIK_SISTEM_URETIMI_2_v2.jpg","datePublished":"2021-01-24T19:30:49+00:00","dateModified":"2024-12-27T06:56:12+00:00","breadcrumb":{"@id":"https:\/\/norbo.com.tr\/faaliyet_alan\/kara_sistem_uretim\/#breadcrumb"},"inLanguage":"en-US","potentialAction":[{"@type":"ReadAction","target":["https:\/\/norbo.com.tr\/faaliyet_alan\/kara_sistem_uretim\/"]}]},{"@type":"ImageObject","inLanguage":"en-US","@id":"https:\/\/norbo.com.tr\/faaliyet_alan\/kara_sistem_uretim\/#primaryimage","url":"https:\/\/norbo.com.tr\/wp-content\/uploads\/2021\/10\/KARA_PLATFORMLARINA_YONELIK_MEKANIK_SISTEM_URETIMI_2_v2.jpg","contentUrl":"https:\/\/norbo.com.tr\/wp-content\/uploads\/2021\/10\/KARA_PLATFORMLARINA_YONELIK_MEKANIK_SISTEM_URETIMI_2_v2.jpg","width":1185,"height":1027},{"@type":"BreadcrumbList","@id":"https:\/\/norbo.com.tr\/faaliyet_alan\/kara_sistem_uretim\/#breadcrumb","itemListElement":[{"@type":"ListItem","position":1,"name":"Anasayfa","item":"https:\/\/norbo.com.tr\/"},{"@type":"ListItem","position":2,"name":"Faaliyet Alanlar\u0131","item":"https:\/\/norbo.com.tr\/faaliyet_alan\/"},{"@type":"ListItem","position":3,"name":"Kara Platformlar\u0131na Y\u00f6nelik Mekanik Sistem \u00dcretimi"}]},{"@type":"WebSite","@id":"https:\/\/norbo.com.tr\/#website","url":"https:\/\/norbo.com.tr\/","name":"NORBO","description":"","potentialAction":[{"@type":"SearchAction","target":{"@type":"EntryPoint","urlTemplate":"https:\/\/norbo.com.tr\/?s={search_term_string}"},"query-input":{"@type":"PropertyValueSpecification","valueRequired":true,"valueName":"search_term_string"}}],"inLanguage":"en-US"}]}},"_links":{"self":[{"href":"https:\/\/norbo.com.tr\/en\/wp-json\/wp\/v2\/pages\/1912","targetHints":{"allow":["GET"]}}],"collection":[{"href":"https:\/\/norbo.com.tr\/en\/wp-json\/wp\/v2\/pages"}],"about":[{"href":"https:\/\/norbo.com.tr\/en\/wp-json\/wp\/v2\/types\/page"}],"author":[{"embeddable":true,"href":"https:\/\/norbo.com.tr\/en\/wp-json\/wp\/v2\/users\/1"}],"replies":[{"embeddable":true,"href":"https:\/\/norbo.com.tr\/en\/wp-json\/wp\/v2\/comments?post=1912"}],"version-history":[{"count":72,"href":"https:\/\/norbo.com.tr\/en\/wp-json\/wp\/v2\/pages\/1912\/revisions"}],"predecessor-version":[{"id":4198,"href":"https:\/\/norbo.com.tr\/en\/wp-json\/wp\/v2\/pages\/1912\/revisions\/4198"}],"up":[{"embeddable":true,"href":"https:\/\/norbo.com.tr\/en\/wp-json\/wp\/v2\/pages\/1591"}],"wp:featuredmedia":[{"embeddable":true,"href":"https:\/\/norbo.com.tr\/en\/wp-json\/wp\/v2\/media\/4281"}],"wp:attachment":[{"href":"https:\/\/norbo.com.tr\/en\/wp-json\/wp\/v2\/media?parent=1912"}],"curies":[{"name":"wp","href":"https:\/\/api.w.org\/{rel}","templated":true}]}}