{"id":1934,"date":"2021-01-24T19:40:37","date_gmt":"2021-01-24T19:40:37","guid":{"rendered":"http:\/\/http:\/\/norbo.com.tr?page_id=1934"},"modified":"2021-08-05T10:19:50","modified_gmt":"2021-08-05T10:19:50","slug":"kara_sistem_entegre","status":"publish","type":"page","link":"https:\/\/norbo.com.tr\/en\/fields_of_activity\/system_integration_for_land_platforms\/","title":{"rendered":"System Integration for Land Platforms"},"content":{"rendered":"<div data-elementor-type=\"wp-page\" data-elementor-id=\"1934\" class=\"elementor elementor-1934\">\n\t\t\t\t\t\t<section class=\"elementor-section elementor-top-section elementor-element elementor-element-c5883c4 elementor-section-boxed elementor-section-height-default elementor-section-height-default\" data-id=\"c5883c4\" data-element_type=\"section\" data-e-type=\"section\" data-settings=\"{&quot;background_background&quot;:&quot;classic&quot;}\">\r\n\t\t\t\t\t\t<div class=\"elementor-container elementor-column-gap-thegem\"><div class=\"elementor-row\">\r\n\t\t\t\t\t<div class=\"elementor-column elementor-col-100 elementor-top-column elementor-element elementor-element-2abf4e7\" data-id=\"2abf4e7\" data-element_type=\"column\" data-e-type=\"column\">\n\t\t\t<div class=\"elementor-widget-wrap elementor-element-populated\">\n\t\t\t\t\t\t<div class=\"elementor-element elementor-element-dddafaf flex-horizontal-align-default flex-horizontal-align-tablet-default flex-horizontal-align-mobile-default flex-vertical-align-default flex-vertical-align-tablet-default flex-vertical-align-mobile-default elementor-widget elementor-widget-text-editor\" data-id=\"dddafaf\" data-element_type=\"widget\" data-e-type=\"widget\" data-widget_type=\"text-editor.default\">\n\t\t\t\t<div class=\"elementor-widget-container\">\n\t\t\t\t\t\t\t\t\t\t\t\t<div class=\"elementor-text-editor elementor-clearfix\">\r\n\t\t\t\t\t\t<p>Norbo is working on the production of mechanical systems for land platforms, as well as their integration into the platforms. Thus, it offers ready-to-use solutions to the end-user.<\/p><p>Norbo, entegrasyon konusuna, bir \u00fcr\u00fcn\u00fcn kendi ba\u015f\u0131na ne kadar iyi olursa olsun, kullan\u0131laca\u011f\u0131 platforma ya da yere, do\u011fru bir \u015fekilde entegre edildi\u011fi zaman anlam kazand\u0131\u011f\u0131n\u0131n bilinci ile yakla\u015f\u0131yor. S\u00fcre\u00e7lerini ve ekibini ise entegrasyonun, esneklik gerektiren bir faaliyet oldu\u011funun fark\u0131ndal\u0131\u011f\u0131 ile olu\u015fturuyor.<\/p><p>\u00dcr\u00fcn entegrasyonunun gerektirdi\u011fi bilgi birikimi, tecr\u00fcbe ve esneklik, Norbo\u2019nun, di\u011fer faaliyet alanlar\u0131ndan sahip olageldi\u011fi nitelikler olarak, sahada \u00f6nemli bir fark yarat\u0131yor.<\/p>\t\t\t\t\t\t\t<\/div>\r\n\t\t\t\t\t\t\t\t\t\t<\/div>\n\t\t\t\t<\/div>\n\t\t\t\t<div class=\"elementor-element elementor-element-6ebcc19 flex-horizontal-align-default flex-horizontal-align-tablet-default flex-horizontal-align-mobile-default flex-vertical-align-default flex-vertical-align-tablet-default flex-vertical-align-mobile-default elementor-widget elementor-widget-text-editor\" data-id=\"6ebcc19\" data-element_type=\"widget\" data-e-type=\"widget\" data-widget_type=\"text-editor.default\">\n\t\t\t\t<div class=\"elementor-widget-container\">\n\t\t\t\t\t\t\t\t\t\t\t\t<div class=\"elementor-text-editor elementor-clearfix\">\r\n\t\t\t\t\t\t<p>For detailed information, you can contact Norbo authorities via the contact information or contact form on the<a href=\"https:\/\/norbo.com.tr\/iletisim\/\">Communication<\/a>page.<\/p>\t\t\t\t\t\t\t<\/div>\r\n\t\t\t\t\t\t\t\t\t\t<\/div>\n\t\t\t\t<\/div>\n\t\t\t\t<div class=\"elementor-element elementor-element-1190dfb flex-horizontal-align-default flex-horizontal-align-tablet-default flex-horizontal-align-mobile-default flex-vertical-align-default flex-vertical-align-tablet-default flex-vertical-align-mobile-default elementor-widget elementor-widget-text-editor\" data-id=\"1190dfb\" data-element_type=\"widget\" data-e-type=\"widget\" data-widget_type=\"text-editor.default\">\n\t\t\t\t<div class=\"elementor-widget-container\">\n\t\t\t\t\t\t\t\t\t\t\t\t<div class=\"elementor-text-editor elementor-clearfix\">\r\n\t\t\t\t\t\t<p>For detailed information, you can contact Norbo authorities via the contact information or contact form on the<a href=\"https:\/\/norbo.com.tr\/en\/contact\/\">\u00a0Contact\u00a0<\/a>page.<\/p>\t\t\t\t\t\t\t<\/div>\r\n\t\t\t\t\t\t\t\t\t\t<\/div>\n\t\t\t\t<\/div>\n\t\t\t\t\t<\/div>\n\t\t<\/div>\n\t\t\t\t\t<\/div><\/div>\r\n\t\t<\/section>\r\n\t\t\t\t<\/div>","protected":false},"excerpt":{"rendered":"<p>Norbo, kara platformlar\u0131na y\u00f6nelik mekanik sistemlerin \u00fcretiminin yan\u0131 s\u0131ra bunlar\u0131n platformlara entegre edilmesi konusunda da \u00e7al\u0131\u015f\u0131yor. B\u00f6ylece, son kullan\u0131c\u0131ya, kullan\u0131ma&#8230;<\/p>","protected":false},"author":1,"featured_media":0,"parent":1591,"menu_order":0,"comment_status":"closed","ping_status":"closed","template":"page-fullwidth.php","meta":{"footnotes":""},"class_list":["post-1934","page","type-page","status-publish"],"yoast_head":"<!-- This site is optimized with the Yoast SEO plugin v25.3.1 - https:\/\/yoast.com\/wordpress\/plugins\/seo\/ -->\n<title>Kara Platformlar\u0131na Y\u00f6nelik Sistem Entegrasyonu - NORBO<\/title>\n<meta name=\"robots\" content=\"index, follow, max-snippet:-1, max-image-preview:large, max-video-preview:-1\" \/>\n<link rel=\"canonical\" href=\"https:\/\/norbo.com.tr\/en\/fields_of_activity\/system_integration_for_land_platforms\/\" \/>\n<meta property=\"og:locale\" content=\"en_US\" \/>\n<meta property=\"og:type\" content=\"article\" \/>\n<meta property=\"og:title\" content=\"Kara Platformlar\u0131na Y\u00f6nelik Sistem Entegrasyonu - NORBO\" \/>\n<meta property=\"og:description\" content=\"Norbo, kara platformlar\u0131na y\u00f6nelik mekanik sistemlerin \u00fcretiminin yan\u0131 s\u0131ra bunlar\u0131n platformlara entegre edilmesi konusunda da \u00e7al\u0131\u015f\u0131yor. B\u00f6ylece, son kullan\u0131c\u0131ya, kullan\u0131ma...\" \/>\n<meta property=\"og:url\" content=\"https:\/\/norbo.com.tr\/en\/fields_of_activity\/system_integration_for_land_platforms\/\" \/>\n<meta property=\"og:site_name\" content=\"NORBO\" \/>\n<meta property=\"article:modified_time\" content=\"2021-08-05T10:19:50+00:00\" \/>\n<meta name=\"twitter:card\" content=\"summary_large_image\" \/>\n<meta name=\"twitter:label1\" content=\"Est. reading time\" \/>\n\t<meta name=\"twitter:data1\" content=\"1 minute\" \/>\n<script type=\"application\/ld+json\" class=\"yoast-schema-graph\">{\"@context\":\"https:\/\/schema.org\",\"@graph\":[{\"@type\":\"WebPage\",\"@id\":\"https:\/\/norbo.com.tr\/faaliyet_alan\/kara_sistem_entegre\/\",\"url\":\"https:\/\/norbo.com.tr\/faaliyet_alan\/kara_sistem_entegre\/\",\"name\":\"Kara Platformlar\u0131na Y\u00f6nelik Sistem Entegrasyonu - NORBO\",\"isPartOf\":{\"@id\":\"https:\/\/norbo.com.tr\/#website\"},\"datePublished\":\"2021-01-24T19:40:37+00:00\",\"dateModified\":\"2021-08-05T10:19:50+00:00\",\"breadcrumb\":{\"@id\":\"https:\/\/norbo.com.tr\/faaliyet_alan\/kara_sistem_entegre\/#breadcrumb\"},\"inLanguage\":\"en-US\",\"potentialAction\":[{\"@type\":\"ReadAction\",\"target\":[\"https:\/\/norbo.com.tr\/faaliyet_alan\/kara_sistem_entegre\/\"]}]},{\"@type\":\"BreadcrumbList\",\"@id\":\"https:\/\/norbo.com.tr\/faaliyet_alan\/kara_sistem_entegre\/#breadcrumb\",\"itemListElement\":[{\"@type\":\"ListItem\",\"position\":1,\"name\":\"Anasayfa\",\"item\":\"https:\/\/norbo.com.tr\/\"},{\"@type\":\"ListItem\",\"position\":2,\"name\":\"Faaliyet Alanlar\u0131\",\"item\":\"https:\/\/norbo.com.tr\/faaliyet_alan\/\"},{\"@type\":\"ListItem\",\"position\":3,\"name\":\"Kara Platformlar\u0131na Y\u00f6nelik Sistem Entegrasyonu\"}]},{\"@type\":\"WebSite\",\"@id\":\"https:\/\/norbo.com.tr\/#website\",\"url\":\"https:\/\/norbo.com.tr\/\",\"name\":\"NORBO\",\"description\":\"\",\"potentialAction\":[{\"@type\":\"SearchAction\",\"target\":{\"@type\":\"EntryPoint\",\"urlTemplate\":\"https:\/\/norbo.com.tr\/?s={search_term_string}\"},\"query-input\":{\"@type\":\"PropertyValueSpecification\",\"valueRequired\":true,\"valueName\":\"search_term_string\"}}],\"inLanguage\":\"en-US\"}]}<\/script>\n<!-- \/ Yoast SEO plugin. -->","yoast_head_json":{"title":"Kara Platformlar\u0131na Y\u00f6nelik Sistem Entegrasyonu - NORBO","robots":{"index":"index","follow":"follow","max-snippet":"max-snippet:-1","max-image-preview":"max-image-preview:large","max-video-preview":"max-video-preview:-1"},"canonical":"https:\/\/norbo.com.tr\/en\/fields_of_activity\/system_integration_for_land_platforms\/","og_locale":"en_US","og_type":"article","og_title":"Kara Platformlar\u0131na Y\u00f6nelik Sistem Entegrasyonu - NORBO","og_description":"Norbo, kara platformlar\u0131na y\u00f6nelik mekanik sistemlerin \u00fcretiminin yan\u0131 s\u0131ra bunlar\u0131n platformlara entegre edilmesi konusunda da \u00e7al\u0131\u015f\u0131yor. B\u00f6ylece, son kullan\u0131c\u0131ya, kullan\u0131ma...","og_url":"https:\/\/norbo.com.tr\/en\/fields_of_activity\/system_integration_for_land_platforms\/","og_site_name":"NORBO","article_modified_time":"2021-08-05T10:19:50+00:00","twitter_card":"summary_large_image","twitter_misc":{"Est. reading time":"1 minute"},"schema":{"@context":"https:\/\/schema.org","@graph":[{"@type":"WebPage","@id":"https:\/\/norbo.com.tr\/faaliyet_alan\/kara_sistem_entegre\/","url":"https:\/\/norbo.com.tr\/faaliyet_alan\/kara_sistem_entegre\/","name":"Kara Platformlar\u0131na Y\u00f6nelik Sistem Entegrasyonu - NORBO","isPartOf":{"@id":"https:\/\/norbo.com.tr\/#website"},"datePublished":"2021-01-24T19:40:37+00:00","dateModified":"2021-08-05T10:19:50+00:00","breadcrumb":{"@id":"https:\/\/norbo.com.tr\/faaliyet_alan\/kara_sistem_entegre\/#breadcrumb"},"inLanguage":"en-US","potentialAction":[{"@type":"ReadAction","target":["https:\/\/norbo.com.tr\/faaliyet_alan\/kara_sistem_entegre\/"]}]},{"@type":"BreadcrumbList","@id":"https:\/\/norbo.com.tr\/faaliyet_alan\/kara_sistem_entegre\/#breadcrumb","itemListElement":[{"@type":"ListItem","position":1,"name":"Anasayfa","item":"https:\/\/norbo.com.tr\/"},{"@type":"ListItem","position":2,"name":"Faaliyet Alanlar\u0131","item":"https:\/\/norbo.com.tr\/faaliyet_alan\/"},{"@type":"ListItem","position":3,"name":"Kara Platformlar\u0131na Y\u00f6nelik Sistem Entegrasyonu"}]},{"@type":"WebSite","@id":"https:\/\/norbo.com.tr\/#website","url":"https:\/\/norbo.com.tr\/","name":"NORBO","description":"","potentialAction":[{"@type":"SearchAction","target":{"@type":"EntryPoint","urlTemplate":"https:\/\/norbo.com.tr\/?s={search_term_string}"},"query-input":{"@type":"PropertyValueSpecification","valueRequired":true,"valueName":"search_term_string"}}],"inLanguage":"en-US"}]}},"_links":{"self":[{"href":"https:\/\/norbo.com.tr\/en\/wp-json\/wp\/v2\/pages\/1934","targetHints":{"allow":["GET"]}}],"collection":[{"href":"https:\/\/norbo.com.tr\/en\/wp-json\/wp\/v2\/pages"}],"about":[{"href":"https:\/\/norbo.com.tr\/en\/wp-json\/wp\/v2\/types\/page"}],"author":[{"embeddable":true,"href":"https:\/\/norbo.com.tr\/en\/wp-json\/wp\/v2\/users\/1"}],"replies":[{"embeddable":true,"href":"https:\/\/norbo.com.tr\/en\/wp-json\/wp\/v2\/comments?post=1934"}],"version-history":[{"count":68,"href":"https:\/\/norbo.com.tr\/en\/wp-json\/wp\/v2\/pages\/1934\/revisions"}],"predecessor-version":[{"id":5191,"href":"https:\/\/norbo.com.tr\/en\/wp-json\/wp\/v2\/pages\/1934\/revisions\/5191"}],"up":[{"embeddable":true,"href":"https:\/\/norbo.com.tr\/en\/wp-json\/wp\/v2\/pages\/1591"}],"wp:attachment":[{"href":"https:\/\/norbo.com.tr\/en\/wp-json\/wp\/v2\/media?parent=1934"}],"curies":[{"name":"wp","href":"https:\/\/api.w.org\/{rel}","templated":true}]}}