{"id":4906,"date":"2022-08-08T14:15:22","date_gmt":"2022-08-08T14:15:22","guid":{"rendered":"https:\/\/norbo.com.tr\/?page_id=4906"},"modified":"2022-08-09T15:49:54","modified_gmt":"2022-08-09T15:49:54","slug":"sikca-sorulan-sorular","status":"publish","type":"page","link":"https:\/\/norbo.com.tr\/en\/frequently-asked-questions\/","title":{"rendered":"FREQUENTLY ASKED QUESTIONS"},"content":{"rendered":"<p>Below are the answers to frequently asked questions from our customers. Can't find an answer here? Please contact our customer service team.<\/p>","protected":false},"excerpt":{"rendered":"<p>A\u015fa\u011f\u0131da m\u00fc\u015fteriler taraf\u0131ndan s\u0131k\u00e7a sorulan sorular\u0131n yan\u0131tlar\u0131 bulunmaktad\u0131r. Yan\u0131t bulamad\u0131n\u0131z m\u0131? L\u00fctfen m\u00fc\u015fteri hizmetlerini aray\u0131n veya bize ula\u015f\u0131n sayfas\u0131ndan talebinizi&#8230;<\/p>","protected":false},"author":1,"featured_media":0,"parent":0,"menu_order":0,"comment_status":"closed","ping_status":"closed","template":"sss.php","meta":{"footnotes":""},"class_list":["post-4906","page","type-page","status-publish"],"yoast_head":"<!-- This site is optimized with the Yoast SEO plugin v25.3.1 - https:\/\/yoast.com\/wordpress\/plugins\/seo\/ -->\n<title>S\u0131k\u00e7a Sorulan Sorular - NORBO<\/title>\n<meta name=\"robots\" content=\"index, follow, max-snippet:-1, max-image-preview:large, max-video-preview:-1\" \/>\n<link rel=\"canonical\" href=\"https:\/\/norbo.com.tr\/en\/frequently-asked-questions\/\" \/>\n<meta property=\"og:locale\" content=\"en_US\" \/>\n<meta property=\"og:type\" content=\"article\" \/>\n<meta property=\"og:title\" content=\"S\u0131k\u00e7a Sorulan Sorular - NORBO\" \/>\n<meta property=\"og:description\" content=\"A\u015fa\u011f\u0131da m\u00fc\u015fteriler taraf\u0131ndan s\u0131k\u00e7a sorulan sorular\u0131n yan\u0131tlar\u0131 bulunmaktad\u0131r. Yan\u0131t bulamad\u0131n\u0131z m\u0131? L\u00fctfen m\u00fc\u015fteri hizmetlerini aray\u0131n veya bize ula\u015f\u0131n sayfas\u0131ndan talebinizi...\" \/>\n<meta property=\"og:url\" content=\"https:\/\/norbo.com.tr\/en\/frequently-asked-questions\/\" \/>\n<meta property=\"og:site_name\" content=\"NORBO\" \/>\n<meta property=\"article:modified_time\" content=\"2022-08-09T15:49:54+00:00\" \/>\n<meta name=\"twitter:card\" content=\"summary_large_image\" \/>\n<script type=\"application\/ld+json\" class=\"yoast-schema-graph\">{\"@context\":\"https:\/\/schema.org\",\"@graph\":[{\"@type\":\"WebPage\",\"@id\":\"https:\/\/norbo.com.tr\/sikca-sorulan-sorular\/\",\"url\":\"https:\/\/norbo.com.tr\/sikca-sorulan-sorular\/\",\"name\":\"S\u0131k\u00e7a Sorulan Sorular - NORBO\",\"isPartOf\":{\"@id\":\"https:\/\/norbo.com.tr\/#website\"},\"datePublished\":\"2022-08-08T14:15:22+00:00\",\"dateModified\":\"2022-08-09T15:49:54+00:00\",\"breadcrumb\":{\"@id\":\"https:\/\/norbo.com.tr\/sikca-sorulan-sorular\/#breadcrumb\"},\"inLanguage\":\"en-US\",\"potentialAction\":[{\"@type\":\"ReadAction\",\"target\":[\"https:\/\/norbo.com.tr\/sikca-sorulan-sorular\/\"]}]},{\"@type\":\"BreadcrumbList\",\"@id\":\"https:\/\/norbo.com.tr\/sikca-sorulan-sorular\/#breadcrumb\",\"itemListElement\":[{\"@type\":\"ListItem\",\"position\":1,\"name\":\"Anasayfa\",\"item\":\"https:\/\/norbo.com.tr\/\"},{\"@type\":\"ListItem\",\"position\":2,\"name\":\"S\u0131k\u00e7a Sorulan Sorular\"}]},{\"@type\":\"WebSite\",\"@id\":\"https:\/\/norbo.com.tr\/#website\",\"url\":\"https:\/\/norbo.com.tr\/\",\"name\":\"NORBO\",\"description\":\"\",\"potentialAction\":[{\"@type\":\"SearchAction\",\"target\":{\"@type\":\"EntryPoint\",\"urlTemplate\":\"https:\/\/norbo.com.tr\/?s={search_term_string}\"},\"query-input\":{\"@type\":\"PropertyValueSpecification\",\"valueRequired\":true,\"valueName\":\"search_term_string\"}}],\"inLanguage\":\"en-US\"}]}<\/script>\n<!-- \/ Yoast SEO plugin. -->","yoast_head_json":{"title":"S\u0131k\u00e7a Sorulan Sorular - NORBO","robots":{"index":"index","follow":"follow","max-snippet":"max-snippet:-1","max-image-preview":"max-image-preview:large","max-video-preview":"max-video-preview:-1"},"canonical":"https:\/\/norbo.com.tr\/en\/frequently-asked-questions\/","og_locale":"en_US","og_type":"article","og_title":"S\u0131k\u00e7a Sorulan Sorular - NORBO","og_description":"A\u015fa\u011f\u0131da m\u00fc\u015fteriler taraf\u0131ndan s\u0131k\u00e7a sorulan sorular\u0131n yan\u0131tlar\u0131 bulunmaktad\u0131r. Yan\u0131t bulamad\u0131n\u0131z m\u0131? L\u00fctfen m\u00fc\u015fteri hizmetlerini aray\u0131n veya bize ula\u015f\u0131n sayfas\u0131ndan talebinizi...","og_url":"https:\/\/norbo.com.tr\/en\/frequently-asked-questions\/","og_site_name":"NORBO","article_modified_time":"2022-08-09T15:49:54+00:00","twitter_card":"summary_large_image","schema":{"@context":"https:\/\/schema.org","@graph":[{"@type":"WebPage","@id":"https:\/\/norbo.com.tr\/sikca-sorulan-sorular\/","url":"https:\/\/norbo.com.tr\/sikca-sorulan-sorular\/","name":"S\u0131k\u00e7a Sorulan Sorular - NORBO","isPartOf":{"@id":"https:\/\/norbo.com.tr\/#website"},"datePublished":"2022-08-08T14:15:22+00:00","dateModified":"2022-08-09T15:49:54+00:00","breadcrumb":{"@id":"https:\/\/norbo.com.tr\/sikca-sorulan-sorular\/#breadcrumb"},"inLanguage":"en-US","potentialAction":[{"@type":"ReadAction","target":["https:\/\/norbo.com.tr\/sikca-sorulan-sorular\/"]}]},{"@type":"BreadcrumbList","@id":"https:\/\/norbo.com.tr\/sikca-sorulan-sorular\/#breadcrumb","itemListElement":[{"@type":"ListItem","position":1,"name":"Anasayfa","item":"https:\/\/norbo.com.tr\/"},{"@type":"ListItem","position":2,"name":"S\u0131k\u00e7a Sorulan Sorular"}]},{"@type":"WebSite","@id":"https:\/\/norbo.com.tr\/#website","url":"https:\/\/norbo.com.tr\/","name":"NORBO","description":"","potentialAction":[{"@type":"SearchAction","target":{"@type":"EntryPoint","urlTemplate":"https:\/\/norbo.com.tr\/?s={search_term_string}"},"query-input":{"@type":"PropertyValueSpecification","valueRequired":true,"valueName":"search_term_string"}}],"inLanguage":"en-US"}]}},"_links":{"self":[{"href":"https:\/\/norbo.com.tr\/en\/wp-json\/wp\/v2\/pages\/4906","targetHints":{"allow":["GET"]}}],"collection":[{"href":"https:\/\/norbo.com.tr\/en\/wp-json\/wp\/v2\/pages"}],"about":[{"href":"https:\/\/norbo.com.tr\/en\/wp-json\/wp\/v2\/types\/page"}],"author":[{"embeddable":true,"href":"https:\/\/norbo.com.tr\/en\/wp-json\/wp\/v2\/users\/1"}],"replies":[{"embeddable":true,"href":"https:\/\/norbo.com.tr\/en\/wp-json\/wp\/v2\/comments?post=4906"}],"version-history":[{"count":2,"href":"https:\/\/norbo.com.tr\/en\/wp-json\/wp\/v2\/pages\/4906\/revisions"}],"predecessor-version":[{"id":4916,"href":"https:\/\/norbo.com.tr\/en\/wp-json\/wp\/v2\/pages\/4906\/revisions\/4916"}],"wp:attachment":[{"href":"https:\/\/norbo.com.tr\/en\/wp-json\/wp\/v2\/media?parent=4906"}],"curies":[{"name":"wp","href":"https:\/\/api.w.org\/{rel}","templated":true}]}}