{"id":5140,"date":"2023-06-20T14:38:34","date_gmt":"2023-06-20T14:38:34","guid":{"rendered":"https:\/\/norbo.com.tr\/?page_id=5140"},"modified":"2023-06-20T14:41:04","modified_gmt":"2023-06-20T14:41:04","slug":"kalite-politikamiz","status":"publish","type":"page","link":"https:\/\/norbo.com.tr\/en\/about\/kalite-politikamiz\/","title":{"rendered":"Kalite Politikam\u0131z"},"content":{"rendered":"<p><img class=\"alignnone size-medium wp-image-3720 aligncenter\" src=\"https:\/\/norbo.com.tr\/wp-content\/uploads\/2021\/02\/AAA-300x300.png\" alt=\"\" width=\"300\" height=\"300\" srcset=\"https:\/\/norbo.com.tr\/wp-content\/uploads\/2021\/02\/AAA-300x300.png 300w, https:\/\/norbo.com.tr\/wp-content\/uploads\/2021\/02\/AAA-150x150.png 150w, https:\/\/norbo.com.tr\/wp-content\/uploads\/2021\/02\/AAA-256x256.png 256w, https:\/\/norbo.com.tr\/wp-content\/uploads\/2021\/02\/AAA.png 568w\" sizes=\"(max-width: 300px) 100vw, 300px\" \/><\/p>\n<p style=\"text-align: center;\">Hizmet verdi\u011fimiz Savunma Sekt\u00f6r\u00fcnde \u00f6zel bir m\u00fc\u015fteri portf\u00f6y\u00fcn\u00fc olu\u015fturan T\u00fcrk Silahl\u0131 Kuvvetleri ve Emniyet Birimleri ile Dan\u0131\u015fmanl\u0131k Hizmeti alacak olan farkl\u0131 m\u00fc\u015fteri portf\u00f6y\u00fcn\u00fc olu\u015fturan t\u00fcm m\u00fc\u015fterilerimize, m\u00fc\u015fteri memnuniyeti ve s\u00fcrekli iyile\u015ftirme ilkesini benimseyen bir hizmet ve mal kalitesini sa\u011flamak bunlar\u0131 do\u011fru zamanda ve yerde, kabul edilebilir mali de\u011ferlerde ger\u00e7ekle\u015ftirmek ve firma ismimizle d\u00fcr\u00fcstl\u00fck, kalite ve g\u00fcven olgular\u0131n\u0131 e\u015f anlaml\u0131 hale getirmek Kalite Politikam\u0131zd\u0131r.<\/p>","protected":false},"excerpt":{"rendered":"<p>Hizmet verdi\u011fimiz Savunma Sekt\u00f6r\u00fcnde \u00f6zel bir m\u00fc\u015fteri portf\u00f6y\u00fcn\u00fc olu\u015fturan T\u00fcrk Silahl\u0131 Kuvvetleri ve Emniyet Birimleri ile Dan\u0131\u015fmanl\u0131k Hizmeti alacak olan&#8230;<\/p>","protected":false},"author":3,"featured_media":0,"parent":1606,"menu_order":0,"comment_status":"closed","ping_status":"closed","template":"elementor_theme","meta":{"footnotes":""},"class_list":["post-5140","page","type-page","status-publish"],"yoast_head":"<!-- This site is optimized with the Yoast SEO plugin v25.3.1 - https:\/\/yoast.com\/wordpress\/plugins\/seo\/ -->\n<title>Kalite Politikam\u0131z - NORBO<\/title>\n<meta name=\"robots\" content=\"index, follow, max-snippet:-1, max-image-preview:large, max-video-preview:-1\" \/>\n<link rel=\"canonical\" href=\"https:\/\/norbo.com.tr\/en\/about\/kalite-politikamiz\/\" \/>\n<meta property=\"og:locale\" content=\"en_US\" \/>\n<meta property=\"og:type\" content=\"article\" \/>\n<meta property=\"og:title\" content=\"Kalite Politikam\u0131z - NORBO\" \/>\n<meta property=\"og:description\" content=\"Hizmet verdi\u011fimiz Savunma Sekt\u00f6r\u00fcnde \u00f6zel bir m\u00fc\u015fteri portf\u00f6y\u00fcn\u00fc olu\u015fturan T\u00fcrk Silahl\u0131 Kuvvetleri ve Emniyet Birimleri ile Dan\u0131\u015fmanl\u0131k Hizmeti alacak olan...\" \/>\n<meta property=\"og:url\" content=\"https:\/\/norbo.com.tr\/en\/about\/kalite-politikamiz\/\" \/>\n<meta property=\"og:site_name\" content=\"NORBO\" \/>\n<meta property=\"article:modified_time\" content=\"2023-06-20T14:41:04+00:00\" \/>\n<meta property=\"og:image\" content=\"https:\/\/norbo.com.tr\/wp-content\/uploads\/2021\/02\/AAA.png\" \/>\n\t<meta property=\"og:image:width\" content=\"568\" \/>\n\t<meta property=\"og:image:height\" content=\"568\" \/>\n\t<meta property=\"og:image:type\" content=\"image\/png\" \/>\n<meta name=\"twitter:card\" content=\"summary_large_image\" \/>\n<script type=\"application\/ld+json\" class=\"yoast-schema-graph\">{\"@context\":\"https:\/\/schema.org\",\"@graph\":[{\"@type\":\"WebPage\",\"@id\":\"https:\/\/norbo.com.tr\/hakkinda\/kalite-politikamiz\/\",\"url\":\"https:\/\/norbo.com.tr\/hakkinda\/kalite-politikamiz\/\",\"name\":\"Kalite Politikam\u0131z - NORBO\",\"isPartOf\":{\"@id\":\"https:\/\/norbo.com.tr\/#website\"},\"primaryImageOfPage\":{\"@id\":\"https:\/\/norbo.com.tr\/hakkinda\/kalite-politikamiz\/#primaryimage\"},\"image\":{\"@id\":\"https:\/\/norbo.com.tr\/hakkinda\/kalite-politikamiz\/#primaryimage\"},\"thumbnailUrl\":\"https:\/\/norbo.com.tr\/wp-content\/uploads\/2021\/02\/AAA-300x300.png\",\"datePublished\":\"2023-06-20T14:38:34+00:00\",\"dateModified\":\"2023-06-20T14:41:04+00:00\",\"breadcrumb\":{\"@id\":\"https:\/\/norbo.com.tr\/hakkinda\/kalite-politikamiz\/#breadcrumb\"},\"inLanguage\":\"en-US\",\"potentialAction\":[{\"@type\":\"ReadAction\",\"target\":[\"https:\/\/norbo.com.tr\/hakkinda\/kalite-politikamiz\/\"]}]},{\"@type\":\"ImageObject\",\"inLanguage\":\"en-US\",\"@id\":\"https:\/\/norbo.com.tr\/hakkinda\/kalite-politikamiz\/#primaryimage\",\"url\":\"https:\/\/norbo.com.tr\/wp-content\/uploads\/2021\/02\/AAA-300x300.png\",\"contentUrl\":\"https:\/\/norbo.com.tr\/wp-content\/uploads\/2021\/02\/AAA-300x300.png\"},{\"@type\":\"BreadcrumbList\",\"@id\":\"https:\/\/norbo.com.tr\/hakkinda\/kalite-politikamiz\/#breadcrumb\",\"itemListElement\":[{\"@type\":\"ListItem\",\"position\":1,\"name\":\"Anasayfa\",\"item\":\"https:\/\/norbo.com.tr\/\"},{\"@type\":\"ListItem\",\"position\":2,\"name\":\"Hakk\u0131nda\",\"item\":\"https:\/\/norbo.com.tr\/hakkinda\/\"},{\"@type\":\"ListItem\",\"position\":3,\"name\":\"Kalite Politikam\u0131z\"}]},{\"@type\":\"WebSite\",\"@id\":\"https:\/\/norbo.com.tr\/#website\",\"url\":\"https:\/\/norbo.com.tr\/\",\"name\":\"NORBO\",\"description\":\"\",\"potentialAction\":[{\"@type\":\"SearchAction\",\"target\":{\"@type\":\"EntryPoint\",\"urlTemplate\":\"https:\/\/norbo.com.tr\/?s={search_term_string}\"},\"query-input\":{\"@type\":\"PropertyValueSpecification\",\"valueRequired\":true,\"valueName\":\"search_term_string\"}}],\"inLanguage\":\"en-US\"}]}<\/script>\n<!-- \/ Yoast SEO plugin. -->","yoast_head_json":{"title":"Kalite Politikam\u0131z - NORBO","robots":{"index":"index","follow":"follow","max-snippet":"max-snippet:-1","max-image-preview":"max-image-preview:large","max-video-preview":"max-video-preview:-1"},"canonical":"https:\/\/norbo.com.tr\/en\/about\/kalite-politikamiz\/","og_locale":"en_US","og_type":"article","og_title":"Kalite Politikam\u0131z - NORBO","og_description":"Hizmet verdi\u011fimiz Savunma Sekt\u00f6r\u00fcnde \u00f6zel bir m\u00fc\u015fteri portf\u00f6y\u00fcn\u00fc olu\u015fturan T\u00fcrk Silahl\u0131 Kuvvetleri ve Emniyet Birimleri ile Dan\u0131\u015fmanl\u0131k Hizmeti alacak olan...","og_url":"https:\/\/norbo.com.tr\/en\/about\/kalite-politikamiz\/","og_site_name":"NORBO","article_modified_time":"2023-06-20T14:41:04+00:00","og_image":[{"width":568,"height":568,"url":"https:\/\/norbo.com.tr\/wp-content\/uploads\/2021\/02\/AAA.png","type":"image\/png"}],"twitter_card":"summary_large_image","schema":{"@context":"https:\/\/schema.org","@graph":[{"@type":"WebPage","@id":"https:\/\/norbo.com.tr\/hakkinda\/kalite-politikamiz\/","url":"https:\/\/norbo.com.tr\/hakkinda\/kalite-politikamiz\/","name":"Kalite Politikam\u0131z - NORBO","isPartOf":{"@id":"https:\/\/norbo.com.tr\/#website"},"primaryImageOfPage":{"@id":"https:\/\/norbo.com.tr\/hakkinda\/kalite-politikamiz\/#primaryimage"},"image":{"@id":"https:\/\/norbo.com.tr\/hakkinda\/kalite-politikamiz\/#primaryimage"},"thumbnailUrl":"https:\/\/norbo.com.tr\/wp-content\/uploads\/2021\/02\/AAA-300x300.png","datePublished":"2023-06-20T14:38:34+00:00","dateModified":"2023-06-20T14:41:04+00:00","breadcrumb":{"@id":"https:\/\/norbo.com.tr\/hakkinda\/kalite-politikamiz\/#breadcrumb"},"inLanguage":"en-US","potentialAction":[{"@type":"ReadAction","target":["https:\/\/norbo.com.tr\/hakkinda\/kalite-politikamiz\/"]}]},{"@type":"ImageObject","inLanguage":"en-US","@id":"https:\/\/norbo.com.tr\/hakkinda\/kalite-politikamiz\/#primaryimage","url":"https:\/\/norbo.com.tr\/wp-content\/uploads\/2021\/02\/AAA-300x300.png","contentUrl":"https:\/\/norbo.com.tr\/wp-content\/uploads\/2021\/02\/AAA-300x300.png"},{"@type":"BreadcrumbList","@id":"https:\/\/norbo.com.tr\/hakkinda\/kalite-politikamiz\/#breadcrumb","itemListElement":[{"@type":"ListItem","position":1,"name":"Anasayfa","item":"https:\/\/norbo.com.tr\/"},{"@type":"ListItem","position":2,"name":"Hakk\u0131nda","item":"https:\/\/norbo.com.tr\/hakkinda\/"},{"@type":"ListItem","position":3,"name":"Kalite Politikam\u0131z"}]},{"@type":"WebSite","@id":"https:\/\/norbo.com.tr\/#website","url":"https:\/\/norbo.com.tr\/","name":"NORBO","description":"","potentialAction":[{"@type":"SearchAction","target":{"@type":"EntryPoint","urlTemplate":"https:\/\/norbo.com.tr\/?s={search_term_string}"},"query-input":{"@type":"PropertyValueSpecification","valueRequired":true,"valueName":"search_term_string"}}],"inLanguage":"en-US"}]}},"_links":{"self":[{"href":"https:\/\/norbo.com.tr\/en\/wp-json\/wp\/v2\/pages\/5140","targetHints":{"allow":["GET"]}}],"collection":[{"href":"https:\/\/norbo.com.tr\/en\/wp-json\/wp\/v2\/pages"}],"about":[{"href":"https:\/\/norbo.com.tr\/en\/wp-json\/wp\/v2\/types\/page"}],"author":[{"embeddable":true,"href":"https:\/\/norbo.com.tr\/en\/wp-json\/wp\/v2\/users\/3"}],"replies":[{"embeddable":true,"href":"https:\/\/norbo.com.tr\/en\/wp-json\/wp\/v2\/comments?post=5140"}],"version-history":[{"count":3,"href":"https:\/\/norbo.com.tr\/en\/wp-json\/wp\/v2\/pages\/5140\/revisions"}],"predecessor-version":[{"id":5144,"href":"https:\/\/norbo.com.tr\/en\/wp-json\/wp\/v2\/pages\/5140\/revisions\/5144"}],"up":[{"embeddable":true,"href":"https:\/\/norbo.com.tr\/en\/wp-json\/wp\/v2\/pages\/1606"}],"wp:attachment":[{"href":"https:\/\/norbo.com.tr\/en\/wp-json\/wp\/v2\/media?parent=5140"}],"curies":[{"name":"wp","href":"https:\/\/api.w.org\/{rel}","templated":true}]}}