{"id":5159,"date":"2024-07-31T10:42:15","date_gmt":"2024-07-31T10:42:15","guid":{"rendered":"https:\/\/norbo.com.tr\/?page_id=5159"},"modified":"2024-11-18T12:16:51","modified_gmt":"2024-11-18T12:16:51","slug":"kvkk","status":"publish","type":"page","link":"https:\/\/norbo.com.tr\/en\/kvkk\/","title":{"rendered":"Kvkk"},"content":{"rendered":"<p style=\"text-align: center;\"><span style=\"color: #000000;\">\u2022<a href=\"https:\/\/norbo.com.tr\/wp-content\/uploads\/2024\/11\/3-Norbo-Kvkk-Ilgi\u0307li\u0307-Ki\u0307si\u0307-Basvuru-Proseduru.pdf\">I\u0307lg\u0131\u0307l\u0131\u0307 K\u0131\u0307s\u0327\u0131\u0307 Bas\u0327vuru Prosedu\u0308ru\u0308<\/a><\/span><\/p>\n<p style=\"text-align: center;\"><span style=\"color: #000000;\">\u2022 <a href=\"https:\/\/norbo.com.tr\/wp-content\/uploads\/2024\/11\/11-Norbo-Kvkk-Ilgi\u0307li\u0307-Ki\u0307si\u0307-Basvuru-Formu.pdf\">I\u0307lg\u0131\u0307l\u0131\u0307 K\u0131\u0307s\u0327\u0131\u0307 Bas\u0327vuru Formu<\/a><\/span><\/p>\n<p style=\"text-align: center;\"><span style=\"color: #000000;\">\u2022 <a href=\"https:\/\/norbo.com.tr\/wp-content\/uploads\/2024\/11\/22-Norbo-Kvkk-Kisisel-Veri-Saklama-ve-Imha-Politikasi.pdf\">Ki\u015fisel Veri Saklama ve \u0130mha Politikas\u0131<\/a><\/span><\/p>\n<p style=\"text-align: center;\"><span style=\"color: #000000;\">\u2022 <a href=\"https:\/\/norbo.com.tr\/wp-content\/uploads\/2024\/11\/20-\u2013-Norbo-Kvkk-Ozel-Ni\u0307teli\u0307kli\u0307-Ki\u0307si\u0307sel-Veri\u0307-Guvenli\u0307gi\u0307-Poli\u0307ti\u0307kasi.pdf\">O\u0308zel N\u0131\u0307tel\u0131\u0307kl\u0131\u0307 K\u0131\u0307s\u0327\u0131\u0307sel Ver\u0131\u0307 Gu\u0308venl\u0131\u0307g\u0306\u0131\u0307 Pol\u0131\u0307t\u0131\u0307kas\u0131<\/a><\/span><\/p>\n<p style=\"text-align: center;\"><span style=\"color: #000000;\">\u2022 <a href=\"https:\/\/norbo.com.tr\/wp-content\/uploads\/2024\/11\/17-Norbo-Kvkk-Ki\u0307si\u0307sel-Veri\u0307-Ihlali\u0307-Mudahale-Plani-1.pdf\">K\u0131\u0307s\u0327\u0131\u0307sel Ver\u0131\u0307 I\u0307hlal\u0131\u0307 Mu\u0308dahale Plan\u0131<\/a><\/span><\/p>\n<p style=\"text-align: center;\"><span style=\"color: #000000;\">\u2022 <a href=\"https:\/\/norbo.com.tr\/wp-content\/uploads\/2024\/11\/6-Norbo-Kvkk-Internet-Si\u0307tesi\u0307-Aydinlatma-Metni\u0307-1.pdf\">I\u0307nternet S\u0131\u0307tes\u0131\u0307 Ayd\u0131nlatma Metn\u0131\u0307<\/a><\/span><\/p>\n<ol>\n<li style=\"list-style-type: none; text-align: center;\"><\/li>\n<\/ol>","protected":false},"excerpt":{"rendered":"<p>\u2022I\u0307lg\u0131\u0307l\u0131\u0307 K\u0131\u0307s\u0327\u0131\u0307 Bas\u0327vuru Prosedu\u0308ru\u0308 \u2022 I\u0307lg\u0131\u0307l\u0131\u0307 K\u0131\u0307s\u0327\u0131\u0307 Bas\u0327vuru Formu \u2022 Ki\u015fisel Veri Saklama ve \u0130mha Politikas\u0131 \u2022 O\u0308zel N\u0131\u0307tel\u0131\u0307kl\u0131\u0307 K\u0131\u0307s\u0327\u0131\u0307sel&#8230;<\/p>","protected":false},"author":1,"featured_media":0,"parent":0,"menu_order":0,"comment_status":"closed","ping_status":"closed","template":"page-fullwidth.php","meta":{"footnotes":""},"class_list":["post-5159","page","type-page","status-publish"],"yoast_head":"<!-- This site is optimized with the Yoast SEO plugin v25.3.1 - https:\/\/yoast.com\/wordpress\/plugins\/seo\/ -->\n<title>Kvkk - NORBO<\/title>\n<meta name=\"robots\" content=\"index, follow, max-snippet:-1, max-image-preview:large, max-video-preview:-1\" \/>\n<link rel=\"canonical\" href=\"https:\/\/norbo.com.tr\/en\/kvkk\/\" \/>\n<meta property=\"og:locale\" content=\"en_US\" \/>\n<meta property=\"og:type\" content=\"article\" \/>\n<meta property=\"og:title\" content=\"Kvkk - NORBO\" \/>\n<meta property=\"og:description\" content=\"\u2022I\u0307lg\u0131\u0307l\u0131\u0307 K\u0131\u0307s\u0327\u0131\u0307 Bas\u0327vuru Prosedu\u0308ru\u0308 \u2022 I\u0307lg\u0131\u0307l\u0131\u0307 K\u0131\u0307s\u0327\u0131\u0307 Bas\u0327vuru Formu \u2022 Ki\u015fisel Veri Saklama ve \u0130mha Politikas\u0131 \u2022 O\u0308zel N\u0131\u0307tel\u0131\u0307kl\u0131\u0307 K\u0131\u0307s\u0327\u0131\u0307sel...\" \/>\n<meta property=\"og:url\" content=\"https:\/\/norbo.com.tr\/en\/kvkk\/\" \/>\n<meta property=\"og:site_name\" content=\"NORBO\" \/>\n<meta property=\"article:modified_time\" content=\"2024-11-18T12:16:51+00:00\" \/>\n<meta name=\"twitter:card\" content=\"summary_large_image\" \/>\n<meta name=\"twitter:label1\" content=\"Est. reading time\" \/>\n\t<meta name=\"twitter:data1\" content=\"1 minute\" \/>\n<script type=\"application\/ld+json\" class=\"yoast-schema-graph\">{\"@context\":\"https:\/\/schema.org\",\"@graph\":[{\"@type\":\"WebPage\",\"@id\":\"https:\/\/norbo.com.tr\/kvkk\/\",\"url\":\"https:\/\/norbo.com.tr\/kvkk\/\",\"name\":\"Kvkk - NORBO\",\"isPartOf\":{\"@id\":\"https:\/\/norbo.com.tr\/#website\"},\"datePublished\":\"2024-07-31T10:42:15+00:00\",\"dateModified\":\"2024-11-18T12:16:51+00:00\",\"breadcrumb\":{\"@id\":\"https:\/\/norbo.com.tr\/kvkk\/#breadcrumb\"},\"inLanguage\":\"en-US\",\"potentialAction\":[{\"@type\":\"ReadAction\",\"target\":[\"https:\/\/norbo.com.tr\/kvkk\/\"]}]},{\"@type\":\"BreadcrumbList\",\"@id\":\"https:\/\/norbo.com.tr\/kvkk\/#breadcrumb\",\"itemListElement\":[{\"@type\":\"ListItem\",\"position\":1,\"name\":\"Anasayfa\",\"item\":\"https:\/\/norbo.com.tr\/\"},{\"@type\":\"ListItem\",\"position\":2,\"name\":\"Kvkk\"}]},{\"@type\":\"WebSite\",\"@id\":\"https:\/\/norbo.com.tr\/#website\",\"url\":\"https:\/\/norbo.com.tr\/\",\"name\":\"NORBO\",\"description\":\"\",\"potentialAction\":[{\"@type\":\"SearchAction\",\"target\":{\"@type\":\"EntryPoint\",\"urlTemplate\":\"https:\/\/norbo.com.tr\/?s={search_term_string}\"},\"query-input\":{\"@type\":\"PropertyValueSpecification\",\"valueRequired\":true,\"valueName\":\"search_term_string\"}}],\"inLanguage\":\"en-US\"}]}<\/script>\n<!-- \/ Yoast SEO plugin. -->","yoast_head_json":{"title":"Kvkk - NORBO","robots":{"index":"index","follow":"follow","max-snippet":"max-snippet:-1","max-image-preview":"max-image-preview:large","max-video-preview":"max-video-preview:-1"},"canonical":"https:\/\/norbo.com.tr\/en\/kvkk\/","og_locale":"en_US","og_type":"article","og_title":"Kvkk - NORBO","og_description":"\u2022I\u0307lg\u0131\u0307l\u0131\u0307 K\u0131\u0307s\u0327\u0131\u0307 Bas\u0327vuru Prosedu\u0308ru\u0308 \u2022 I\u0307lg\u0131\u0307l\u0131\u0307 K\u0131\u0307s\u0327\u0131\u0307 Bas\u0327vuru Formu \u2022 Ki\u015fisel Veri Saklama ve \u0130mha Politikas\u0131 \u2022 O\u0308zel N\u0131\u0307tel\u0131\u0307kl\u0131\u0307 K\u0131\u0307s\u0327\u0131\u0307sel...","og_url":"https:\/\/norbo.com.tr\/en\/kvkk\/","og_site_name":"NORBO","article_modified_time":"2024-11-18T12:16:51+00:00","twitter_card":"summary_large_image","twitter_misc":{"Est. reading time":"1 minute"},"schema":{"@context":"https:\/\/schema.org","@graph":[{"@type":"WebPage","@id":"https:\/\/norbo.com.tr\/kvkk\/","url":"https:\/\/norbo.com.tr\/kvkk\/","name":"Kvkk - NORBO","isPartOf":{"@id":"https:\/\/norbo.com.tr\/#website"},"datePublished":"2024-07-31T10:42:15+00:00","dateModified":"2024-11-18T12:16:51+00:00","breadcrumb":{"@id":"https:\/\/norbo.com.tr\/kvkk\/#breadcrumb"},"inLanguage":"en-US","potentialAction":[{"@type":"ReadAction","target":["https:\/\/norbo.com.tr\/kvkk\/"]}]},{"@type":"BreadcrumbList","@id":"https:\/\/norbo.com.tr\/kvkk\/#breadcrumb","itemListElement":[{"@type":"ListItem","position":1,"name":"Anasayfa","item":"https:\/\/norbo.com.tr\/"},{"@type":"ListItem","position":2,"name":"Kvkk"}]},{"@type":"WebSite","@id":"https:\/\/norbo.com.tr\/#website","url":"https:\/\/norbo.com.tr\/","name":"NORBO","description":"","potentialAction":[{"@type":"SearchAction","target":{"@type":"EntryPoint","urlTemplate":"https:\/\/norbo.com.tr\/?s={search_term_string}"},"query-input":{"@type":"PropertyValueSpecification","valueRequired":true,"valueName":"search_term_string"}}],"inLanguage":"en-US"}]}},"_links":{"self":[{"href":"https:\/\/norbo.com.tr\/en\/wp-json\/wp\/v2\/pages\/5159","targetHints":{"allow":["GET"]}}],"collection":[{"href":"https:\/\/norbo.com.tr\/en\/wp-json\/wp\/v2\/pages"}],"about":[{"href":"https:\/\/norbo.com.tr\/en\/wp-json\/wp\/v2\/types\/page"}],"author":[{"embeddable":true,"href":"https:\/\/norbo.com.tr\/en\/wp-json\/wp\/v2\/users\/1"}],"replies":[{"embeddable":true,"href":"https:\/\/norbo.com.tr\/en\/wp-json\/wp\/v2\/comments?post=5159"}],"version-history":[{"count":33,"href":"https:\/\/norbo.com.tr\/en\/wp-json\/wp\/v2\/pages\/5159\/revisions"}],"predecessor-version":[{"id":5239,"href":"https:\/\/norbo.com.tr\/en\/wp-json\/wp\/v2\/pages\/5159\/revisions\/5239"}],"wp:attachment":[{"href":"https:\/\/norbo.com.tr\/en\/wp-json\/wp\/v2\/media?parent=5159"}],"curies":[{"name":"wp","href":"https:\/\/api.w.org\/{rel}","templated":true}]}}