{"id":93,"date":"2019-05-08T16:08:48","date_gmt":"2019-05-08T16:08:48","guid":{"rendered":"https:\/\/democontent.codex-themes.com\/sites-elementor\/construction\/home-2\/"},"modified":"2021-12-07T10:13:00","modified_gmt":"2021-12-07T10:13:00","slug":"iletisim","status":"publish","type":"page","link":"https:\/\/norbo.com.tr\/en\/contact\/","title":{"rendered":"Communication"},"content":{"rendered":"<div data-elementor-type=\"wp-page\" data-elementor-id=\"93\" class=\"elementor elementor-93\">\n\t\t\t\t\t\t<section class=\"elementor-section elementor-top-section elementor-element elementor-element-dee1d29 elementor-section-content-middle elementor-section-boxed elementor-section-height-default elementor-section-height-default\" data-id=\"dee1d29\" data-element_type=\"section\" data-e-type=\"section\" data-settings=\"{&quot;background_background&quot;:&quot;classic&quot;}\">\r\n\t\t\t\t\t\t<div class=\"elementor-container elementor-column-gap-thegem\"><div class=\"elementor-row\">\r\n\t\t\t\t\t<div class=\"elementor-column elementor-col-100 elementor-top-column elementor-element elementor-element-f63e77f\" data-id=\"f63e77f\" data-element_type=\"column\" data-e-type=\"column\">\n\t\t\t<div class=\"elementor-widget-wrap elementor-element-populated\">\n\t\t\t\t\t\t<div class=\"elementor-element elementor-element-d3ee83f flex-horizontal-align-default flex-horizontal-align-tablet-default flex-horizontal-align-mobile-default flex-vertical-align-default flex-vertical-align-tablet-default flex-vertical-align-mobile-default elementor-widget elementor-widget-thegem-quickfinders\" data-id=\"d3ee83f\" data-element_type=\"widget\" data-e-type=\"widget\" data-settings=\"{&quot;thegem_elementor_preset&quot;:&quot;grid-basic-centered&quot;}\" data-widget_type=\"thegem-quickfinders.default\">\n\t\t\t\t<div class=\"elementor-widget-container\">\n\t\t\t\t\t\n<div class=\"quickfinder row inline-row quickfinder-style-grid-basic-centered\">\n\t\t\t<div class=\"lazy-loading  quickfinder-item inline-column col-md-4 col-sm-6 col-xs-12\">\n\n\t\t\t\n\t\t\t\t<div class=\"quickfinder-item-inner icon-top icon-wrapping-none centered-box button-bottom lazy-loading-item\" data-ll-effect=\"fading\" data-ll-item-delay=\"200\"> \n\n\t\t\t\t\t\t\t\t\t\t\t<div class=\"quickfinder-icon-container\">\n\n\t<div class=\"connector-container\">\n\t\t<span><\/span>\n\t<\/div>\n\n\t<div class=\"gem-qf-icon-image-wrapper lazy-loading-item\" data-ll-effect=\"clip\">\n\t\t\n\t\t\t<div class=\"gem-icon gem-icon-pack-fontawesome gem-icon-size-medium  gem-icon-shape-default\">\n\n\t\t\t\t\n\t\t\t\t<div class=\"icon-hover-bg fade\"><\/div>\n\n\t\t\t\t<div class=\"gem-icon-inner\">\n\t\t\t\t\t\n\t\t\t\t\t\t\t\t\t\t\t\t<div class=\"padding-box-inner\">\n\t\t\t\t\t\t\t\n\t\t\t\t\t\t\t\t\t\t\t\t\t\t\t<span class=\"gem-icon-half-1\">\n\t\t\t\t\t\t\t\t\t<span class=\"back-angle\">\n\t\t\t\t\t\t\t\t\t\t<i aria-hidden=\"true\" class=\"gem-elegant icon-pin-alt\"><\/i>\t\t\t\t\t\t\t\t\t<\/span>\n\t\t\t\t\t\t\t\t<\/span>\n\t\t\t\t\t\t\t\t<span class=\"gem-icon-half-2\">\n\t\t\t\t\t\t\t\t\t<span class=\"back-angle\">\n\t\t\t\t\t\t\t\t\t\t<i aria-hidden=\"true\" class=\"gem-elegant icon-pin-alt\"><\/i>\t\t\t\t\t\t\t\t\t<\/span>\n\t\t\t\t\t\t\t\t<\/span>\n\t\t\t\t\t\t\t\n\t\t\t\t\t\t<\/div>\n\n\t\t\t\t\t\t\n\t\t\t\t\t\t\t\t\t<\/div>\n\t\t\t\t\n\t\t\t<\/div>\n\n\t\t\n\t\t\t<\/div>\n\n\t<div class=\"connector-container\">\n\t\t<span><\/span>\n\t<\/div>\n\n<\/div>\n\n\t\t\t\t\t\n\t\t\t\t\t<div class=\"quickfinder-item-info-wrapper\"> \n\t\t\t\t\t\t<div class=\"quickfinder-item-info lazy-loading-item\" data-ll-effect=\"fading\" data-ll-item-delay=\"200\">\n\t\n\t\t<div class=\"quickfinder-title title-h5 bold\">\n\t\t\tADDRESS\t\t<\/div>\n\t\n\t\n\t\t<div class=\"quickfinder-description gem-text-output\">\n\t\t\tMustafa Kemal, Dumlup\u0131nar Bulvar\u0131<br> No:266B D:80 06510<br> \u00c7ankaya\/Ankara\t\t<\/div>\n\t\n\t<\/div>\t\t\t\t\t<\/div>\n\n\t\t\t\t\t\t<a href=\"https:\/\/www.google.com\/maps\/place\/Norbo+Savunma+Sanayii+ve+D%C4%B1%C5%9F+Ticaret+Ltd.+%C5%9Eti.\/@39.908371,32.755137,15z\/data=!4m5!3m4!1s0x0:0x2ef45760c9d23c73!8m2!3d39.908371!4d32.755137\" target=\"_blank\" rel=\"nofollow\" class=\"quickfinder-item-link\"><\/a>\n\n\t\t\t\t<\/div>\n\n\t\t\t\t\t<\/div>\n\t\t\t<div class=\"lazy-loading  quickfinder-item inline-column col-md-4 col-sm-6 col-xs-12\">\n\n\t\t\t\n\t\t\t\t<div class=\"quickfinder-item-inner icon-top icon-wrapping-none centered-box button-bottom lazy-loading-item\" data-ll-effect=\"fading\" data-ll-item-delay=\"200\"> \n\n\t\t\t\t\t\t\t\t\t\t\t<div class=\"quickfinder-icon-container\">\n\n\t<div class=\"connector-container\">\n\t\t<span><\/span>\n\t<\/div>\n\n\t<div class=\"gem-qf-icon-image-wrapper lazy-loading-item\" data-ll-effect=\"clip\">\n\t\t\n\t\t\t<div class=\"gem-icon gem-icon-pack-fontawesome gem-icon-size-medium  gem-icon-shape-default\">\n\n\t\t\t\t\n\t\t\t\t<div class=\"icon-hover-bg fade\"><\/div>\n\n\t\t\t\t<div class=\"gem-icon-inner\">\n\t\t\t\t\t\n\t\t\t\t\t\t\t\t\t\t\t\t<div class=\"padding-box-inner\">\n\t\t\t\t\t\t\t\n\t\t\t\t\t\t\t\t\t\t\t\t\t\t\t<span class=\"gem-icon-half-1\">\n\t\t\t\t\t\t\t\t\t<span class=\"back-angle\">\n\t\t\t\t\t\t\t\t\t\t<i aria-hidden=\"true\" class=\"gem-elegant icon-headphones\"><\/i>\t\t\t\t\t\t\t\t\t<\/span>\n\t\t\t\t\t\t\t\t<\/span>\n\t\t\t\t\t\t\t\t<span class=\"gem-icon-half-2\">\n\t\t\t\t\t\t\t\t\t<span class=\"back-angle\">\n\t\t\t\t\t\t\t\t\t\t<i aria-hidden=\"true\" class=\"gem-elegant icon-headphones\"><\/i>\t\t\t\t\t\t\t\t\t<\/span>\n\t\t\t\t\t\t\t\t<\/span>\n\t\t\t\t\t\t\t\n\t\t\t\t\t\t<\/div>\n\n\t\t\t\t\t\t\n\t\t\t\t\t\t\t\t\t<\/div>\n\t\t\t\t\n\t\t\t<\/div>\n\n\t\t\n\t\t\t<\/div>\n\n\t<div class=\"connector-container\">\n\t\t<span><\/span>\n\t<\/div>\n\n<\/div>\n\n\t\t\t\t\t\n\t\t\t\t\t<div class=\"quickfinder-item-info-wrapper\"> \n\t\t\t\t\t\t<div class=\"quickfinder-item-info lazy-loading-item\" data-ll-effect=\"fading\" data-ll-item-delay=\"200\">\n\t\n\t\t<div class=\"quickfinder-title title-h5 bold\">\n\t\t\tContact Us\t\t<\/div>\n\t\n\t\n\t\t<div class=\"quickfinder-description gem-text-output\">\n\t\t\t<p><br \/>Tel: +90 312 491 94 00<br \/>Fax: +90 312 491 94 10<\/p>\t\t<\/div>\n\t\n\t<\/div>\t\t\t\t\t<\/div>\n\n\t\t\t\t\t\n\t\t\t\t<\/div>\n\n\t\t\t\t\t<\/div>\n\t\t\t<div class=\"lazy-loading  quickfinder-item inline-column col-md-4 col-sm-6 col-xs-12\">\n\n\t\t\t\n\t\t\t\t<div class=\"quickfinder-item-inner icon-top icon-wrapping-none centered-box button-bottom lazy-loading-item\" data-ll-effect=\"fading\" data-ll-item-delay=\"200\"> \n\n\t\t\t\t\t\t\t\t\t\t\t<div class=\"quickfinder-icon-container\">\n\n\t<div class=\"connector-container\">\n\t\t<span><\/span>\n\t<\/div>\n\n\t<div class=\"gem-qf-icon-image-wrapper lazy-loading-item\" data-ll-effect=\"clip\">\n\t\t\n\t\t\t<div class=\"gem-icon gem-icon-pack-fontawesome gem-icon-size-medium  gem-icon-shape-default\">\n\n\t\t\t\t\n\t\t\t\t<div class=\"icon-hover-bg fade\"><\/div>\n\n\t\t\t\t<div class=\"gem-icon-inner\">\n\t\t\t\t\t\n\t\t\t\t\t\t\t\t\t\t\t\t<div class=\"padding-box-inner\">\n\t\t\t\t\t\t\t\n\t\t\t\t\t\t\t\t\t\t\t\t\t\t\t<span class=\"gem-icon-half-1\">\n\t\t\t\t\t\t\t\t\t<span class=\"back-angle\">\n\t\t\t\t\t\t\t\t\t\t<i aria-hidden=\"true\" class=\"gem-elegant icon-clock-alt\"><\/i>\t\t\t\t\t\t\t\t\t<\/span>\n\t\t\t\t\t\t\t\t<\/span>\n\t\t\t\t\t\t\t\t<span class=\"gem-icon-half-2\">\n\t\t\t\t\t\t\t\t\t<span class=\"back-angle\">\n\t\t\t\t\t\t\t\t\t\t<i aria-hidden=\"true\" class=\"gem-elegant icon-clock-alt\"><\/i>\t\t\t\t\t\t\t\t\t<\/span>\n\t\t\t\t\t\t\t\t<\/span>\n\t\t\t\t\t\t\t\n\t\t\t\t\t\t<\/div>\n\n\t\t\t\t\t\t\n\t\t\t\t\t\t\t\t\t<\/div>\n\t\t\t\t\n\t\t\t<\/div>\n\n\t\t\n\t\t\t<\/div>\n\n\t<div class=\"connector-container\">\n\t\t<span><\/span>\n\t<\/div>\n\n<\/div>\n\n\t\t\t\t\t\n\t\t\t\t\t<div class=\"quickfinder-item-info-wrapper\"> \n\t\t\t\t\t\t<div class=\"quickfinder-item-info lazy-loading-item\" data-ll-effect=\"fading\" data-ll-item-delay=\"200\">\n\t\n\t\t<div class=\"quickfinder-title title-h5 bold\">\n\t\t\tWorking Hours\t\t<\/div>\n\t\n\t\n\t\t<div class=\"quickfinder-description gem-text-output\">\n\t\t\t<br>Monday-Friday<br>08:30-17:30\t\t<\/div>\n\t\n\t<\/div>\t\t\t\t\t<\/div>\n\n\t\t\t\t\t\n\t\t\t\t<\/div>\n\n\t\t\t\t\t<\/div>\n\t<\/div>\n\t\t\t\t<\/div>\n\t\t\t\t<\/div>\n\t\t\t\t\t<\/div>\n\t\t<\/div>\n\t\t\t\t\t<\/div><\/div>\r\n\t\t<\/section>\r\n\t\t\t\t<section class=\"elementor-section elementor-top-section elementor-element elementor-element-6f9cdff elementor-section-stretched elementor-section-boxed elementor-section-height-default elementor-section-height-default\" data-id=\"6f9cdff\" data-element_type=\"section\" data-e-type=\"section\" data-settings=\"{&quot;background_background&quot;:&quot;classic&quot;,&quot;stretch_section&quot;:&quot;section-stretched&quot;}\">\r\n\t\t\t\t\t\t\t<div class=\"elementor-background-overlay\"><\/div>\r\n\t\t\t\t\t\t\t<div class=\"elementor-container elementor-column-gap-thegem\"><div class=\"elementor-row\">\r\n\t\t\t\t\t<div class=\"elementor-column elementor-col-100 elementor-top-column elementor-element elementor-element-ceb7512\" data-id=\"ceb7512\" data-element_type=\"column\" data-e-type=\"column\">\n\t\t\t<div class=\"elementor-widget-wrap\">\n\t\t\t\t\t\t\t<\/div>\n\t\t<\/div>\n\t\t\t\t\t<\/div><\/div>\r\n\t\t<\/section>\r\n\t\t\t\t<\/div>","protected":false},"excerpt":{"rendered":"<p>adres\u0130M\u0130Z Mustafa Kemal, Dumlup\u0131nar Bulvar\u0131 No:266B D:80 06510 \u00c7ankaya\/Ankara b\u0130z\u0130mle \u0130let\u0130\u015e\u0130me ge\u00e7\u0130n Telefon: +90 312 491 94 00Faks: +90 312&#8230;<\/p>","protected":false},"author":1,"featured_media":0,"parent":0,"menu_order":0,"comment_status":"closed","ping_status":"closed","template":"page-fullwidth.php","meta":{"footnotes":""},"class_list":["post-93","page","type-page","status-publish"],"yoast_head":"<!-- This site is optimized with the Yoast SEO plugin v25.3.1 - https:\/\/yoast.com\/wordpress\/plugins\/seo\/ -->\n<title>\u0130leti\u015fim - NORBO<\/title>\n<meta name=\"robots\" content=\"index, follow, max-snippet:-1, max-image-preview:large, max-video-preview:-1\" \/>\n<link rel=\"canonical\" href=\"https:\/\/norbo.com.tr\/en\/contact\/\" \/>\n<meta property=\"og:locale\" content=\"en_US\" \/>\n<meta property=\"og:type\" content=\"article\" \/>\n<meta property=\"og:title\" content=\"\u0130leti\u015fim - NORBO\" \/>\n<meta property=\"og:description\" content=\"adres\u0130M\u0130Z Mustafa Kemal, Dumlup\u0131nar Bulvar\u0131 No:266B D:80 06510 \u00c7ankaya\/Ankara b\u0130z\u0130mle \u0130let\u0130\u015e\u0130me ge\u00e7\u0130n Telefon: +90 312 491 94 00Faks: +90 312...\" \/>\n<meta property=\"og:url\" content=\"https:\/\/norbo.com.tr\/en\/contact\/\" \/>\n<meta property=\"og:site_name\" content=\"NORBO\" \/>\n<meta property=\"article:modified_time\" content=\"2021-12-07T10:13:00+00:00\" \/>\n<meta name=\"twitter:card\" content=\"summary_large_image\" \/>\n<meta name=\"twitter:label1\" content=\"Est. reading time\" \/>\n\t<meta name=\"twitter:data1\" content=\"1 minute\" \/>\n<script type=\"application\/ld+json\" class=\"yoast-schema-graph\">{\"@context\":\"https:\/\/schema.org\",\"@graph\":[{\"@type\":\"WebPage\",\"@id\":\"https:\/\/norbo.com.tr\/iletisim\/\",\"url\":\"https:\/\/norbo.com.tr\/iletisim\/\",\"name\":\"\u0130leti\u015fim - NORBO\",\"isPartOf\":{\"@id\":\"https:\/\/norbo.com.tr\/#website\"},\"datePublished\":\"2019-05-08T16:08:48+00:00\",\"dateModified\":\"2021-12-07T10:13:00+00:00\",\"breadcrumb\":{\"@id\":\"https:\/\/norbo.com.tr\/iletisim\/#breadcrumb\"},\"inLanguage\":\"en-US\",\"potentialAction\":[{\"@type\":\"ReadAction\",\"target\":[\"https:\/\/norbo.com.tr\/iletisim\/\"]}]},{\"@type\":\"BreadcrumbList\",\"@id\":\"https:\/\/norbo.com.tr\/iletisim\/#breadcrumb\",\"itemListElement\":[{\"@type\":\"ListItem\",\"position\":1,\"name\":\"Anasayfa\",\"item\":\"https:\/\/norbo.com.tr\/\"},{\"@type\":\"ListItem\",\"position\":2,\"name\":\"\u0130leti\u015fim\"}]},{\"@type\":\"WebSite\",\"@id\":\"https:\/\/norbo.com.tr\/#website\",\"url\":\"https:\/\/norbo.com.tr\/\",\"name\":\"NORBO\",\"description\":\"\",\"potentialAction\":[{\"@type\":\"SearchAction\",\"target\":{\"@type\":\"EntryPoint\",\"urlTemplate\":\"https:\/\/norbo.com.tr\/?s={search_term_string}\"},\"query-input\":{\"@type\":\"PropertyValueSpecification\",\"valueRequired\":true,\"valueName\":\"search_term_string\"}}],\"inLanguage\":\"en-US\"}]}<\/script>\n<!-- \/ Yoast SEO plugin. -->","yoast_head_json":{"title":"\u0130leti\u015fim - NORBO","robots":{"index":"index","follow":"follow","max-snippet":"max-snippet:-1","max-image-preview":"max-image-preview:large","max-video-preview":"max-video-preview:-1"},"canonical":"https:\/\/norbo.com.tr\/en\/contact\/","og_locale":"en_US","og_type":"article","og_title":"\u0130leti\u015fim - NORBO","og_description":"adres\u0130M\u0130Z Mustafa Kemal, Dumlup\u0131nar Bulvar\u0131 No:266B D:80 06510 \u00c7ankaya\/Ankara b\u0130z\u0130mle \u0130let\u0130\u015e\u0130me ge\u00e7\u0130n Telefon: +90 312 491 94 00Faks: +90 312...","og_url":"https:\/\/norbo.com.tr\/en\/contact\/","og_site_name":"NORBO","article_modified_time":"2021-12-07T10:13:00+00:00","twitter_card":"summary_large_image","twitter_misc":{"Est. reading time":"1 minute"},"schema":{"@context":"https:\/\/schema.org","@graph":[{"@type":"WebPage","@id":"https:\/\/norbo.com.tr\/iletisim\/","url":"https:\/\/norbo.com.tr\/iletisim\/","name":"\u0130leti\u015fim - NORBO","isPartOf":{"@id":"https:\/\/norbo.com.tr\/#website"},"datePublished":"2019-05-08T16:08:48+00:00","dateModified":"2021-12-07T10:13:00+00:00","breadcrumb":{"@id":"https:\/\/norbo.com.tr\/iletisim\/#breadcrumb"},"inLanguage":"en-US","potentialAction":[{"@type":"ReadAction","target":["https:\/\/norbo.com.tr\/iletisim\/"]}]},{"@type":"BreadcrumbList","@id":"https:\/\/norbo.com.tr\/iletisim\/#breadcrumb","itemListElement":[{"@type":"ListItem","position":1,"name":"Anasayfa","item":"https:\/\/norbo.com.tr\/"},{"@type":"ListItem","position":2,"name":"\u0130leti\u015fim"}]},{"@type":"WebSite","@id":"https:\/\/norbo.com.tr\/#website","url":"https:\/\/norbo.com.tr\/","name":"NORBO","description":"","potentialAction":[{"@type":"SearchAction","target":{"@type":"EntryPoint","urlTemplate":"https:\/\/norbo.com.tr\/?s={search_term_string}"},"query-input":{"@type":"PropertyValueSpecification","valueRequired":true,"valueName":"search_term_string"}}],"inLanguage":"en-US"}]}},"_links":{"self":[{"href":"https:\/\/norbo.com.tr\/en\/wp-json\/wp\/v2\/pages\/93","targetHints":{"allow":["GET"]}}],"collection":[{"href":"https:\/\/norbo.com.tr\/en\/wp-json\/wp\/v2\/pages"}],"about":[{"href":"https:\/\/norbo.com.tr\/en\/wp-json\/wp\/v2\/types\/page"}],"author":[{"embeddable":true,"href":"https:\/\/norbo.com.tr\/en\/wp-json\/wp\/v2\/users\/1"}],"replies":[{"embeddable":true,"href":"https:\/\/norbo.com.tr\/en\/wp-json\/wp\/v2\/comments?post=93"}],"version-history":[{"count":109,"href":"https:\/\/norbo.com.tr\/en\/wp-json\/wp\/v2\/pages\/93\/revisions"}],"predecessor-version":[{"id":4433,"href":"https:\/\/norbo.com.tr\/en\/wp-json\/wp\/v2\/pages\/93\/revisions\/4433"}],"wp:attachment":[{"href":"https:\/\/norbo.com.tr\/en\/wp-json\/wp\/v2\/media?parent=93"}],"curies":[{"name":"wp","href":"https:\/\/api.w.org\/{rel}","templated":true}]}}